{"id":1632,"date":"2024-02-16T19:43:33","date_gmt":"2024-02-16T16:43:33","guid":{"rendered":"https:\/\/demo.semiplas.com\/?page_id=1632"},"modified":"2024-03-19T10:52:58","modified_gmt":"2024-03-19T07:52:58","slug":"guvenlik-cantalari","status":"publish","type":"page","link":"https:\/\/semiplas.com\/tr\/guvenlik-cantalari\/","title":{"rendered":"G\u00fcvenlik \u00c7antalar\u0131"},"content":{"rendered":"\t\t<div data-elementor-type=\"wp-page\" data-elementor-id=\"1632\" class=\"elementor elementor-1632\">\n\t\t\t\t\t\t<section class=\"elementor-section elementor-top-section elementor-element elementor-element-a400588 elementor-section-boxed elementor-section-height-default elementor-section-height-default\" data-id=\"a400588\" data-element_type=\"section\">\n\t\t\n\t\t\t\t\t\t\t<div class=\"elementor-container elementor-column-gap-custom\">\n\t\t\t\t\t\t\t\t\t\t\t<div class=\"elementor-column elementor-col-50 elementor-top-column elementor-element elementor-element-6b3f3da\" data-id=\"6b3f3da\" data-element_type=\"column\">\n\t\t\t\t\t<div class=\"elementor-widget-wrap elementor-element-populated\">\n\t\t\t\t\t\t\t\t<div class=\"elementor-element elementor-element-85b5089 mb-4 elementor-widget elementor-widget-heading\" data-id=\"85b5089\" data-element_type=\"widget\" data-widget_type=\"heading.default\">\n\t\t\t\t<div class=\"elementor-widget-container\">\n\t\t\t<style>\/*! elementor - v3.19.0 - 07-02-2024 *\/\n.elementor-heading-title{padding:0;margin:0;line-height:1}.elementor-widget-heading .elementor-heading-title[class*=elementor-size-]>a{color:inherit;font-size:inherit;line-height:inherit}.elementor-widget-heading .elementor-heading-title.elementor-size-small{font-size:15px}.elementor-widget-heading .elementor-heading-title.elementor-size-medium{font-size:19px}.elementor-widget-heading .elementor-heading-title.elementor-size-large{font-size:29px}.elementor-widget-heading .elementor-heading-title.elementor-size-xl{font-size:39px}.elementor-widget-heading .elementor-heading-title.elementor-size-xxl{font-size:59px}<\/style><h4 class=\"elementor-heading-title elementor-size-default\"><span style=\"font-size: 32.2px;\">DE\u011eERL\u0130 BELGE VE \u00dcR\u00dcN TA\u015eIMA \u00c7ANTALARI<\/span><\/h4>\t\t<\/div>\n\t\t\t\t<\/div>\n\t\t\t\t<div class=\"elementor-element elementor-element-fa4a1a2 anim-text mb-0 elementor-widget elementor-widget-heading\" data-id=\"fa4a1a2\" data-element_type=\"widget\" data-widget_type=\"heading.default\">\n\t\t\t\t<div class=\"elementor-widget-container\">\n\t\t\t<p class=\"elementor-heading-title elementor-size-default\"><div><span style=\"font-size: 16px; white-space-collapse: collapse; color: rgb(149, 149, 149); font-family: Lato, sans-serif; letter-spacing: var(--porto-body-ls,0);\">Yeniden kullan\u0131labilir (PVC ve Polyester) ta\u015f\u0131ma \u00e7antalar\u0131, kulplu veya kulpsuz, belgelerin ve de\u011ferli e\u015fyalar\u0131n, ila\u00e7lar\u0131n, g\u00fcnl\u00fck postalanmas\u0131 gereken gizli belgelerin vb. \u00fcr\u00fcnlerin ta\u015f\u0131nmas\u0131 i\u00e7in uygundur.  H\u00fck\u00fcmetler, hastaneler, \u00e7ok \u015fubeli \u015firketler, bankac\u0131l\u0131k kurulu\u015flar\u0131  i\u00e7in son derece uygundur.Ayr\u0131ca bu \u00e7antalar\u0131 kurumsal logonuz ile \u00fcretmek m\u00fcmk\u00fcnd\u00fcr.<\/span><br><\/div><\/p>\t\t<\/div>\n\t\t\t\t<\/div>\n\t\t\t\t\t<\/div>\n\t\t\t\t<\/div>\n\t\t\t\t<div class=\"elementor-column elementor-col-50 elementor-top-column elementor-element elementor-element-f651a31 custom-image-wrapper\" data-id=\"f651a31\" data-element_type=\"column\">\n\t\t\t\t\t<div class=\"elementor-widget-wrap elementor-element-populated\">\n\t\t\t\t\t\t\t\t<div class=\"elementor-element elementor-element-e7ee1fd elementor-widget elementor-widget-image\" data-id=\"e7ee1fd\" data-element_type=\"widget\" data-widget_type=\"image.default\">\n\t\t\t\t<div class=\"elementor-widget-container\">\n\t\t\t<style>\/*! elementor - v3.19.0 - 07-02-2024 *\/\n.elementor-widget-image{text-align:center}.elementor-widget-image a{display:inline-block}.elementor-widget-image a img[src$=\".svg\"]{width:48px}.elementor-widget-image img{vertical-align:middle;display:inline-block}<\/style>\t\t\t\t\t\t\t\t\t\t<img fetchpriority=\"high\" decoding=\"async\" width=\"1024\" height=\"684\" src=\"https:\/\/semiplas.com\/tr\/wp-content\/uploads\/2024\/02\/Bodegon-bolsas-e1513683303614-1024x684.webp\" class=\"attachment-large size-large wp-image-1646\" alt=\"\" srcset=\"https:\/\/semiplas.com\/tr\/wp-content\/uploads\/2024\/02\/Bodegon-bolsas-e1513683303614-1024x684.webp 1024w, https:\/\/semiplas.com\/tr\/wp-content\/uploads\/2024\/02\/Bodegon-bolsas-e1513683303614-768x513.webp 768w, https:\/\/semiplas.com\/tr\/wp-content\/uploads\/2024\/02\/Bodegon-bolsas-e1513683303614-640x428.webp 640w, https:\/\/semiplas.com\/tr\/wp-content\/uploads\/2024\/02\/Bodegon-bolsas-e1513683303614-400x267.webp 400w, https:\/\/semiplas.com\/tr\/wp-content\/uploads\/2024\/02\/Bodegon-bolsas-e1513683303614-367x245.webp 367w, https:\/\/semiplas.com\/tr\/wp-content\/uploads\/2024\/02\/Bodegon-bolsas-e1513683303614-600x401.webp 600w\" sizes=\"(max-width: 1024px) 100vw, 1024px\" \/>\t\t\t\t\t\t\t\t\t\t\t\t\t<\/div>\n\t\t\t\t<\/div>\n\t\t\t\t<div class=\"elementor-element elementor-element-f6abd1c custom-pos-2 elementor-widget__width-auto elementor-widget elementor-widget-image\" data-id=\"f6abd1c\" data-element_type=\"widget\" data-widget_type=\"image.default\">\n\t\t\t\t<div class=\"elementor-widget-container\">\n\t\t\t\t\t\t\t\t\t\t\t\t\t<img decoding=\"async\" width=\"1024\" height=\"928\" src=\"https:\/\/semiplas.com\/tr\/wp-content\/uploads\/2024\/02\/security-bag-ab-02-slotje-lr-1024x928.jpg\" class=\"attachment-large size-large wp-image-1651\" alt=\"\" srcset=\"https:\/\/semiplas.com\/tr\/wp-content\/uploads\/2024\/02\/security-bag-ab-02-slotje-lr-1024x928.jpg 1024w, https:\/\/semiplas.com\/tr\/wp-content\/uploads\/2024\/02\/security-bag-ab-02-slotje-lr-768x696.jpg 768w, https:\/\/semiplas.com\/tr\/wp-content\/uploads\/2024\/02\/security-bag-ab-02-slotje-lr-640x580.jpg 640w, https:\/\/semiplas.com\/tr\/wp-content\/uploads\/2024\/02\/security-bag-ab-02-slotje-lr-400x363.jpg 400w, https:\/\/semiplas.com\/tr\/wp-content\/uploads\/2024\/02\/security-bag-ab-02-slotje-lr-367x333.jpg 367w, https:\/\/semiplas.com\/tr\/wp-content\/uploads\/2024\/02\/security-bag-ab-02-slotje-lr-600x544.jpg 600w\" sizes=\"(max-width: 1024px) 100vw, 1024px\" \/>\t\t\t\t\t\t\t\t\t\t\t\t\t<\/div>\n\t\t\t\t<\/div>\n\t\t\t\t\t<\/div>\n\t\t\t\t<\/div>\n\t\t\t\t\t<\/div>\n\t\t\t\t<\/section>\n\t\t<div class=\"elementor-element elementor-element-1a35641 e-flex e-con-boxed e-con e-parent\" data-id=\"1a35641\" data-element_type=\"container\" data-settings=\"{&quot;content_width&quot;:&quot;boxed&quot;}\" data-core-v316-plus=\"true\">\n\t\t\t\t\t<div class=\"e-con-inner\">\n\t\t\t\t\t<\/div>\n\t\t\t\t<\/div>\n\t\t<div class=\"elementor-element elementor-element-eda371c e-flex e-con-boxed e-con e-parent\" data-id=\"eda371c\" data-element_type=\"container\" data-settings=\"{&quot;content_width&quot;:&quot;boxed&quot;}\" data-core-v316-plus=\"true\">\n\t\t\t\t\t<div class=\"e-con-inner\">\n\t\t\t\t<div class=\"elementor-element elementor-element-738248b elementor-arrows-position-inside elementor-pagination-position-outside elementor-widget elementor-widget-image-carousel\" data-id=\"738248b\" data-element_type=\"widget\" data-settings=\"{&quot;slides_to_show&quot;:&quot;3&quot;,&quot;navigation&quot;:&quot;both&quot;,&quot;autoplay&quot;:&quot;yes&quot;,&quot;pause_on_hover&quot;:&quot;yes&quot;,&quot;pause_on_interaction&quot;:&quot;yes&quot;,&quot;autoplay_speed&quot;:5000,&quot;infinite&quot;:&quot;yes&quot;,&quot;speed&quot;:500}\" data-widget_type=\"image-carousel.default\">\n\t\t\t\t<div class=\"elementor-widget-container\">\n\t\t\t<style>\/*! elementor - v3.19.0 - 07-02-2024 *\/\n.elementor-widget-image-carousel .swiper,.elementor-widget-image-carousel .swiper-container{position:static}.elementor-widget-image-carousel .swiper-container .swiper-slide figure,.elementor-widget-image-carousel .swiper .swiper-slide figure{line-height:inherit}.elementor-widget-image-carousel .swiper-slide{text-align:center}.elementor-image-carousel-wrapper:not(.swiper-container-initialized):not(.swiper-initialized) .swiper-slide{max-width:calc(100% \/ var(--e-image-carousel-slides-to-show, 3))}<\/style>\t\t<div class=\"elementor-image-carousel-wrapper swiper\" dir=\"ltr\">\n\t\t\t<div class=\"elementor-image-carousel swiper-wrapper\" aria-live=\"off\">\n\t\t\t\t\t\t\t\t<div class=\"swiper-slide\" role=\"group\" aria-roledescription=\"slide\" aria-label=\"1 \/ 7\"><figure class=\"swiper-slide-inner\"><img decoding=\"async\" class=\"swiper-slide-image\" src=\"https:\/\/semiplas.com\/tr\/wp-content\/uploads\/2024\/02\/security-bag-ab-02-slotje-lr-300x272.jpg\" alt=\"security-bag-ab-02-slotje-lr\" \/><\/figure><\/div><div class=\"swiper-slide\" role=\"group\" aria-roledescription=\"slide\" aria-label=\"2 \/ 7\"><figure class=\"swiper-slide-inner\"><img decoding=\"async\" class=\"swiper-slide-image\" src=\"https:\/\/semiplas.com\/tr\/wp-content\/uploads\/2024\/02\/Bodegon-bolsas-e1513683303614-300x201.webp\" alt=\"Bodegon-bolsas-e1513683303614\" \/><\/figure><\/div><div class=\"swiper-slide\" role=\"group\" aria-roledescription=\"slide\" aria-label=\"3 \/ 7\"><figure class=\"swiper-slide-inner\"><img decoding=\"async\" class=\"swiper-slide-image\" src=\"https:\/\/semiplas.com\/tr\/wp-content\/uploads\/2024\/02\/security-bag-ab-02-samen-1-300x232.jpg\" alt=\"security-bag-ab-02-samen-1\" \/><\/figure><\/div><div class=\"swiper-slide\" role=\"group\" aria-roledescription=\"slide\" aria-label=\"4 \/ 7\"><figure class=\"swiper-slide-inner\"><img decoding=\"async\" class=\"swiper-slide-image\" src=\"https:\/\/semiplas.com\/tr\/wp-content\/uploads\/2024\/02\/security-bags-ab-05-rood-lr-249x300.jpg\" alt=\"security-bags-ab-05-rood-lr\" \/><\/figure><\/div><div class=\"swiper-slide\" role=\"group\" aria-roledescription=\"slide\" aria-label=\"5 \/ 7\"><figure class=\"swiper-slide-inner\"><img decoding=\"async\" class=\"swiper-slide-image\" src=\"https:\/\/semiplas.com\/tr\/wp-content\/uploads\/2024\/02\/bolsa-seguridad-plana-300x251-1.webp\" alt=\"bolsa-seguridad-plana-300x251\" \/><\/figure><\/div><div class=\"swiper-slide\" role=\"group\" aria-roledescription=\"slide\" aria-label=\"6 \/ 7\"><figure class=\"swiper-slide-inner\"><img decoding=\"async\" class=\"swiper-slide-image\" src=\"https:\/\/semiplas.com\/tr\/wp-content\/uploads\/2024\/02\/ENVOPOL-APRE000022945-copia-e1513438686365-300x167.webp\" alt=\"ENVOPOL-APRE000022945-copia-e1513438686365\" \/><\/figure><\/div><div class=\"swiper-slide\" role=\"group\" aria-roledescription=\"slide\" aria-label=\"7 \/ 7\"><figure class=\"swiper-slide-inner\"><img decoding=\"async\" class=\"swiper-slide-image\" src=\"https:\/\/semiplas.com\/tr\/wp-content\/uploads\/2024\/02\/SAFEPOL-copia-e1513677649826-300x210.webp\" alt=\"SAFEPOL-copia-e1513677649826\" \/><\/figure><\/div>\t\t\t<\/div>\n\t\t\t\t\t\t\t\t\t\t\t\t<div class=\"elementor-swiper-button elementor-swiper-button-prev\" role=\"button\" tabindex=\"0\">\n\t\t\t\t\t\t<svg aria-hidden=\"true\" class=\"e-font-icon-svg e-eicon-chevron-left\" viewBox=\"0 0 1000 1000\" xmlns=\"http:\/\/www.w3.org\/2000\/svg\"><path d=\"M646 125C629 125 613 133 604 142L308 442C296 454 292 471 292 487 292 504 296 521 308 533L604 854C617 867 629 875 646 875 663 875 679 871 692 858 704 846 713 829 713 812 713 796 708 779 692 767L438 487 692 225C700 217 708 204 708 187 708 171 704 154 692 142 675 129 663 125 646 125Z\"><\/path><\/svg>\t\t\t\t\t<\/div>\n\t\t\t\t\t<div class=\"elementor-swiper-button elementor-swiper-button-next\" role=\"button\" tabindex=\"0\">\n\t\t\t\t\t\t<svg aria-hidden=\"true\" class=\"e-font-icon-svg e-eicon-chevron-right\" viewBox=\"0 0 1000 1000\" xmlns=\"http:\/\/www.w3.org\/2000\/svg\"><path d=\"M696 533C708 521 713 504 713 487 713 471 708 454 696 446L400 146C388 133 375 125 354 125 338 125 325 129 313 142 300 154 292 171 292 187 292 204 296 221 308 233L563 492 304 771C292 783 288 800 288 817 288 833 296 850 308 863 321 871 338 875 354 875 371 875 388 867 400 854L696 533Z\"><\/path><\/svg>\t\t\t\t\t<\/div>\n\t\t\t\t\n\t\t\t\t\t\t\t\t\t<div class=\"swiper-pagination\"><\/div>\n\t\t\t\t\t\t\t\t\t<\/div>\n\t\t\t\t<\/div>\n\t\t\t\t<\/div>\n\t\t\t\t\t<\/div>\n\t\t\t\t<\/div>\n\t\t\t\t<\/div>\n\t\t","protected":false},"excerpt":{"rendered":"<p>DE\u011eERL\u0130 BELGE VE \u00dcR\u00dcN TA\u015eIMA \u00c7ANTALARI Yeniden kullan\u0131labilir (PVC ve Polyester) ta\u015f\u0131ma \u00e7antalar\u0131, kulplu veya kulpsuz, belgelerin ve de\u011ferli e\u015fyalar\u0131n, ila\u00e7lar\u0131n, g\u00fcnl\u00fck postalanmas\u0131 gereken gizli belgelerin vb. \u00fcr\u00fcnlerin ta\u015f\u0131nmas\u0131 i\u00e7in uygundur. H\u00fck\u00fcmetler, hastaneler, \u00e7ok \u015fubeli \u015firketler, bankac\u0131l\u0131k kurulu\u015flar\u0131 i\u00e7in son derece uygundur.Ayr\u0131ca bu \u00e7antalar\u0131 kurumsal logonuz ile \u00fcretmek m\u00fcmk\u00fcnd\u00fcr.<\/p>\n","protected":false},"author":1,"featured_media":0,"parent":0,"menu_order":0,"comment_status":"closed","ping_status":"closed","template":"","meta":{"content-type":"","footnotes":""},"class_list":["post-1632","page","type-page","status-publish","hentry"],"_links":{"self":[{"href":"https:\/\/semiplas.com\/tr\/wp-json\/wp\/v2\/pages\/1632","targetHints":{"allow":["GET"]}}],"collection":[{"href":"https:\/\/semiplas.com\/tr\/wp-json\/wp\/v2\/pages"}],"about":[{"href":"https:\/\/semiplas.com\/tr\/wp-json\/wp\/v2\/types\/page"}],"author":[{"embeddable":true,"href":"https:\/\/semiplas.com\/tr\/wp-json\/wp\/v2\/users\/1"}],"replies":[{"embeddable":true,"href":"https:\/\/semiplas.com\/tr\/wp-json\/wp\/v2\/comments?post=1632"}],"version-history":[{"count":40,"href":"https:\/\/semiplas.com\/tr\/wp-json\/wp\/v2\/pages\/1632\/revisions"}],"predecessor-version":[{"id":2490,"href":"https:\/\/semiplas.com\/tr\/wp-json\/wp\/v2\/pages\/1632\/revisions\/2490"}],"wp:attachment":[{"href":"https:\/\/semiplas.com\/tr\/wp-json\/wp\/v2\/media?parent=1632"}],"curies":[{"name":"wp","href":"https:\/\/api.w.org\/{rel}","templated":true}]}}