{"id":166,"date":"2022-06-20T06:38:17","date_gmt":"2022-06-20T06:38:17","guid":{"rendered":"http:\/\/sw-themes.com\/porto_dummy\/?page_id=166"},"modified":"2024-03-22T14:13:05","modified_gmt":"2024-03-22T11:13:05","slug":"hakkimizda","status":"publish","type":"page","link":"https:\/\/semiplas.com\/tr\/hakkimizda\/","title":{"rendered":"Hakk\u0131m\u0131zda"},"content":{"rendered":"\t\t<div data-elementor-type=\"wp-page\" data-elementor-id=\"166\" class=\"elementor elementor-166\">\n\t\t\t\t\t\t<section class=\"elementor-section elementor-top-section elementor-element elementor-element-cc3aa73 elementor-section-boxed elementor-section-height-default elementor-section-height-default\" data-id=\"cc3aa73\" data-element_type=\"section\">\n\t\t\n\t\t\t\t\t\t\t<div class=\"elementor-container elementor-column-gap-custom\">\n\t\t\t\t\t\t\t\t\t\t\t<div class=\"elementor-column elementor-col-50 elementor-top-column elementor-element elementor-element-c0a41b0\" data-id=\"c0a41b0\" data-element_type=\"column\" data-settings=\"{&quot;background_background&quot;:&quot;classic&quot;}\">\n\t\t\t\t\t<div class=\"elementor-widget-wrap elementor-element-populated\">\n\t\t\t\t\t\t\t\t<div class=\"elementor-element elementor-element-367c2bc elementor-widget elementor-widget-image\" data-id=\"367c2bc\" data-element_type=\"widget\" data-widget_type=\"image.default\">\n\t\t\t\t<div class=\"elementor-widget-container\">\n\t\t\t<style>\/*! elementor - v3.19.0 - 07-02-2024 *\/\n.elementor-widget-image{text-align:center}.elementor-widget-image a{display:inline-block}.elementor-widget-image a img[src$=\".svg\"]{width:48px}.elementor-widget-image img{vertical-align:middle;display:inline-block}<\/style>\t\t\t\t\t\t\t\t\t\t<img fetchpriority=\"high\" decoding=\"async\" width=\"477\" height=\"478\" src=\"https:\/\/semiplas.com\/tr\/wp-content\/uploads\/2024\/02\/Untitled-1-3.png\" class=\"attachment-large size-large wp-image-2018\" alt=\"\" srcset=\"https:\/\/semiplas.com\/tr\/wp-content\/uploads\/2024\/02\/Untitled-1-3.png 477w, https:\/\/semiplas.com\/tr\/wp-content\/uploads\/2024\/02\/Untitled-1-3-400x401.png 400w, https:\/\/semiplas.com\/tr\/wp-content\/uploads\/2024\/02\/Untitled-1-3-367x367.png 367w\" sizes=\"(max-width: 477px) 100vw, 477px\" \/>\t\t\t\t\t\t\t\t\t\t\t\t\t<\/div>\n\t\t\t\t<\/div>\n\t\t\t\t\t<\/div>\n\t\t\t\t<\/div>\n\t\t\t\t<div class=\"elementor-column elementor-col-50 elementor-top-column elementor-element elementor-element-048a644 custom-image-wrapper\" data-id=\"048a644\" data-element_type=\"column\" data-settings=\"{&quot;background_background&quot;:&quot;classic&quot;}\">\n\t\t\t\t\t<div class=\"elementor-widget-wrap elementor-element-populated\">\n\t\t\t\t\t\t\t\t<div class=\"elementor-element elementor-element-baa6a72 mb-4 elementor-widget elementor-widget-heading\" data-id=\"baa6a72\" data-element_type=\"widget\" data-widget_type=\"heading.default\">\n\t\t\t\t<div class=\"elementor-widget-container\">\n\t\t\t<style>\/*! elementor - v3.19.0 - 07-02-2024 *\/\n.elementor-heading-title{padding:0;margin:0;line-height:1}.elementor-widget-heading .elementor-heading-title[class*=elementor-size-]>a{color:inherit;font-size:inherit;line-height:inherit}.elementor-widget-heading .elementor-heading-title.elementor-size-small{font-size:15px}.elementor-widget-heading .elementor-heading-title.elementor-size-medium{font-size:19px}.elementor-widget-heading .elementor-heading-title.elementor-size-large{font-size:29px}.elementor-widget-heading .elementor-heading-title.elementor-size-xl{font-size:39px}.elementor-widget-heading .elementor-heading-title.elementor-size-xxl{font-size:59px}<\/style><span class=\"elementor-heading-title elementor-size-default\">\u201cSorun demeyi sevmiyoruz, bizim i\u00e7in sadece durumlar var. Ekibimiz, m\u00fc\u015fterilerimize projelerinin karma\u015f\u0131kl\u0131\u011f\u0131 konusunda rehberlik edecek t\u00fcm azim ve uzmanl\u0131\u011fa sahiptir.\"\u200b<\/span>\t\t<\/div>\n\t\t\t\t<\/div>\n\t\t\t\t<div class=\"elementor-element elementor-element-4ffbabb pt-3 elementor-widget elementor-widget-testimonial\" data-id=\"4ffbabb\" data-element_type=\"widget\" data-widget_type=\"testimonial.default\">\n\t\t\t\t<div class=\"elementor-widget-container\">\n\t\t\t<style>\/*! elementor - v3.19.0 - 07-02-2024 *\/\n.elementor-testimonial-wrapper{overflow:hidden;text-align:center}.elementor-testimonial-wrapper .elementor-testimonial-content{font-size:1.3em;margin-bottom:20px}.elementor-testimonial-wrapper .elementor-testimonial-name{line-height:1.5;display:block}.elementor-testimonial-wrapper .elementor-testimonial-job{font-size:.85em;display:block}.elementor-testimonial-wrapper .elementor-testimonial-meta{width:100%;line-height:1}.elementor-testimonial-wrapper .elementor-testimonial-meta-inner{display:inline-block}.elementor-testimonial-wrapper .elementor-testimonial-meta .elementor-testimonial-details,.elementor-testimonial-wrapper .elementor-testimonial-meta .elementor-testimonial-image{display:table-cell;vertical-align:middle}.elementor-testimonial-wrapper .elementor-testimonial-meta .elementor-testimonial-image img{width:60px;height:60px;border-radius:50%;-o-object-fit:cover;object-fit:cover;max-width:none}.elementor-testimonial-wrapper .elementor-testimonial-meta.elementor-testimonial-image-position-aside .elementor-testimonial-image{padding-right:15px}.elementor-testimonial-wrapper .elementor-testimonial-meta.elementor-testimonial-image-position-aside .elementor-testimonial-details{text-align:left}.elementor-testimonial-wrapper .elementor-testimonial-meta.elementor-testimonial-image-position-top .elementor-testimonial-details,.elementor-testimonial-wrapper .elementor-testimonial-meta.elementor-testimonial-image-position-top .elementor-testimonial-image{display:block}.elementor-testimonial-wrapper .elementor-testimonial-meta.elementor-testimonial-image-position-top .elementor-testimonial-image{margin-bottom:20px}<\/style>\t\t<div class=\"elementor-testimonial-wrapper\">\n\t\t\t\n\t\t\t\t\t\t<div class=\"elementor-testimonial-meta\">\n\t\t\t\t<div class=\"elementor-testimonial-meta-inner\">\n\t\t\t\t\t\n\t\t\t\t\t\t\t\t\t\t<div class=\"elementor-testimonial-details\">\n\t\t\t\t\t\t\t\t\t\t\t\t\t\t<div class=\"elementor-testimonial-name\">Sabahattin Patel<\/div>\n\t\t\t\t\t\t\t\t\t\t\t\t\t\t\t\t\t\t\t\t\t\t<div class=\"elementor-testimonial-job\">Kurucu<\/div>\n\t\t\t\t\t\t\t\t\t\t\t\t\t<\/div>\n\t\t\t\t\t\t\t\t\t<\/div>\n\t\t\t<\/div>\n\t\t\t\t\t<\/div>\n\t\t\t\t<\/div>\n\t\t\t\t<\/div>\n\t\t\t\t\t<\/div>\n\t\t\t\t<\/div>\n\t\t\t\t\t<\/div>\n\t\t\t\t<\/section>\n\t\t\t\t<section class=\"elementor-section elementor-top-section elementor-element elementor-element-292ea68 elementor-section-boxed elementor-section-height-default elementor-section-height-default\" data-id=\"292ea68\" data-element_type=\"section\">\n\t\t\n\t\t\t\t\t\t\t<div class=\"elementor-container elementor-column-gap-custom\">\n\t\t\t\t\t\t\t\t\t\t\t<div class=\"elementor-column elementor-col-50 elementor-top-column elementor-element elementor-element-131ef34\" data-id=\"131ef34\" data-element_type=\"column\">\n\t\t\t\t\t<div class=\"elementor-widget-wrap elementor-element-populated\">\n\t\t\t\t\t\t\t\t<div class=\"elementor-element elementor-element-0dd8786 mb-4 elementor-widget elementor-widget-heading\" data-id=\"0dd8786\" data-element_type=\"widget\" data-widget_type=\"heading.default\">\n\t\t\t\t<div class=\"elementor-widget-container\">\n\t\t\t<h4 class=\"elementor-heading-title elementor-size-default\">1992 y\u0131l\u0131nda bir aile \u015firketi olarak kurulan Semiplas, <b>d\u00fcnya \u00e7ap\u0131nda 63'tan fazla \u00fclkede<\/b> \u00f6zel \u015firketlere, STK'lara ve resmi makamlara hizmet vermektedir<\/h4>\t\t<\/div>\n\t\t\t\t<\/div>\n\t\t\t\t<div class=\"elementor-element elementor-element-eed74fe anim-text mb-0 elementor-widget__width-initial elementor-widget elementor-widget-heading\" data-id=\"eed74fe\" data-element_type=\"widget\" data-widget_type=\"heading.default\">\n\t\t\t\t<div class=\"elementor-widget-container\">\n\t\t\t<p class=\"elementor-heading-title elementor-size-default\">Semiplas, 1989 y\u0131l\u0131nda otomotiv end\u00fcstrisi i\u00e7in plastik par\u00e7a \u00fcretiminde tan\u0131nm\u0131\u015f bir uzman olan babam Sabahattin Patel taraf\u0131ndan kuruldu. \u015eirket, ulusal havayolu \u015firketimiz T\u00fcrk Hava Yollar\u0131'n\u0131n \u00f6zel ihtiya\u00e7lar\u0131n\u0131 kar\u015f\u0131layacak bir g\u00fcvenlik m\u00fch\u00fcr\u00fc geli\u015ftirmek \u00fczere ileti\u015fime ge\u00e7mesinin ard\u0131ndan 2000 y\u0131l\u0131nda g\u00fcvenlik m\u00fchr\u00fc tasar\u0131m\u0131 ve \u00fcretimine y\u00f6neldi. O zamandan bu yana Semiplas, m\u00fcdahaleye kar\u015f\u0131 koruma sa\u011flayan geni\u015f bir g\u00fcvenlik m\u00fch\u00fcrleri yelpazesinin d\u00fcnya standartlar\u0131nda bir \u00fcreticisi ve tamamlay\u0131c\u0131 g\u00fcvenlik \u00e7\u00f6z\u00fcmleri tedarik\u00e7isi olmu\u015ftur. Semiplas \u015fu anda pazar\u0131n \u00e7evre dostu ve s\u00fcrd\u00fcr\u00fclebilir \u00fcr\u00fcnlere y\u00f6nelik ihtiya\u00e7lar\u0131n\u0131 kar\u015f\u0131lamak i\u00e7in yeni nesil yeniden kullan\u0131labilir g\u00fcvenlik m\u00fch\u00fcrleri \u00e7\u00f6z\u00fcmlerine de yat\u0131r\u0131m yap\u0131yor.<br><br>\n\nHizmetlerimize duyduklar\u0131 g\u00fcvenden dolay\u0131 t\u00fcm m\u00fc\u015fterilerimize ve i\u015f ortaklar\u0131m\u0131za bir kez daha te\u015fekk\u00fcr ederiz.<\/p>\t\t<\/div>\n\t\t\t\t<\/div>\n\t\t\t\t<div class=\"elementor-element elementor-element-f698182 pt-3 elementor-widget elementor-widget-testimonial\" data-id=\"f698182\" data-element_type=\"widget\" data-widget_type=\"testimonial.default\">\n\t\t\t\t<div class=\"elementor-widget-container\">\n\t\t\t\t\t<div class=\"elementor-testimonial-wrapper\">\n\t\t\t\n\t\t\t\t\t\t<div class=\"elementor-testimonial-meta elementor-has-image elementor-testimonial-image-position-aside\">\n\t\t\t\t<div class=\"elementor-testimonial-meta-inner\">\n\t\t\t\t\t\t\t\t\t\t\t<div class=\"elementor-testimonial-image\">\n\t\t\t\t\t\t\t<img decoding=\"async\" width=\"83\" height=\"106\" src=\"https:\/\/semiplas.com\/tr\/wp-content\/uploads\/2024\/02\/about-main-1-2.jpg\" class=\"attachment-full size-full wp-image-1287\" alt=\"\" \/>\t\t\t\t\t\t<\/div>\n\t\t\t\t\t\n\t\t\t\t\t\t\t\t\t\t<div class=\"elementor-testimonial-details\">\n\t\t\t\t\t\t\t\t\t\t\t\t\t\t<div class=\"elementor-testimonial-name\">Mustafa Semih Patel<\/div>\n\t\t\t\t\t\t\t\t\t\t\t\t\t\t\t\t\t\t\t\t\t\t<div class=\"elementor-testimonial-job\">Genel M\u00fcd\u00fcr<\/div>\n\t\t\t\t\t\t\t\t\t\t\t\t\t<\/div>\n\t\t\t\t\t\t\t\t\t<\/div>\n\t\t\t<\/div>\n\t\t\t\t\t<\/div>\n\t\t\t\t<\/div>\n\t\t\t\t<\/div>\n\t\t\t\t\t<\/div>\n\t\t\t\t<\/div>\n\t\t\t\t<div class=\"elementor-column elementor-col-50 elementor-top-column elementor-element elementor-element-883a392 custom-image-wrapper\" data-id=\"883a392\" data-element_type=\"column\">\n\t\t\t\t\t<div class=\"elementor-widget-wrap elementor-element-populated\">\n\t\t\t\t\t\t\t\t<div class=\"elementor-element elementor-element-bce4fb8 elementor-widget elementor-widget-image\" data-id=\"bce4fb8\" data-element_type=\"widget\" data-widget_type=\"image.default\">\n\t\t\t\t<div class=\"elementor-widget-container\">\n\t\t\t\t\t\t\t\t\t\t\t\t\t<img decoding=\"async\" width=\"750\" height=\"616\" src=\"https:\/\/semiplas.com\/tr\/wp-content\/uploads\/2024\/02\/1-1.png\" class=\"attachment-large size-large wp-image-1688\" alt=\"\" srcset=\"https:\/\/semiplas.com\/tr\/wp-content\/uploads\/2024\/02\/1-1.png 750w, https:\/\/semiplas.com\/tr\/wp-content\/uploads\/2024\/02\/1-1-640x526.png 640w, https:\/\/semiplas.com\/tr\/wp-content\/uploads\/2024\/02\/1-1-400x329.png 400w, https:\/\/semiplas.com\/tr\/wp-content\/uploads\/2024\/02\/1-1-367x301.png 367w, https:\/\/semiplas.com\/tr\/wp-content\/uploads\/2024\/02\/1-1-600x493.png 600w\" sizes=\"(max-width: 750px) 100vw, 750px\" \/>\t\t\t\t\t\t\t\t\t\t\t\t\t<\/div>\n\t\t\t\t<\/div>\n\t\t\t\t<div class=\"elementor-element elementor-element-fe15799 custom-pos-1 elementor-widget__width-auto elementor-widget elementor-widget-image\" data-id=\"fe15799\" data-element_type=\"widget\" data-widget_type=\"image.default\">\n\t\t\t\t<div class=\"elementor-widget-container\">\n\t\t\t\t\t\t\t\t\t\t\t\t\t<img loading=\"lazy\" decoding=\"async\" width=\"1024\" height=\"683\" src=\"https:\/\/semiplas.com\/tr\/wp-content\/uploads\/2024\/02\/aerial-view-container-cargo-ship-sea-1024x683.jpg\" class=\"attachment-large size-large wp-image-1689\" alt=\"\" srcset=\"https:\/\/semiplas.com\/tr\/wp-content\/uploads\/2024\/02\/aerial-view-container-cargo-ship-sea-1024x683.jpg 1024w, https:\/\/semiplas.com\/tr\/wp-content\/uploads\/2024\/02\/aerial-view-container-cargo-ship-sea-768x512.jpg 768w, https:\/\/semiplas.com\/tr\/wp-content\/uploads\/2024\/02\/aerial-view-container-cargo-ship-sea-640x427.jpg 640w, https:\/\/semiplas.com\/tr\/wp-content\/uploads\/2024\/02\/aerial-view-container-cargo-ship-sea-400x267.jpg 400w, https:\/\/semiplas.com\/tr\/wp-content\/uploads\/2024\/02\/aerial-view-container-cargo-ship-sea-367x245.jpg 367w, https:\/\/semiplas.com\/tr\/wp-content\/uploads\/2024\/02\/aerial-view-container-cargo-ship-sea-600x400.jpg 600w\" sizes=\"(max-width: 1024px) 100vw, 1024px\" \/>\t\t\t\t\t\t\t\t\t\t\t\t\t<\/div>\n\t\t\t\t<\/div>\n\t\t\t\t<div class=\"elementor-element elementor-element-ffb6dd7 custom-pos-2 elementor-widget__width-auto elementor-widget elementor-widget-image\" data-id=\"ffb6dd7\" data-element_type=\"widget\" data-widget_type=\"image.default\">\n\t\t\t\t<div class=\"elementor-widget-container\">\n\t\t\t\t\t\t\t\t\t\t\t\t\t<img loading=\"lazy\" decoding=\"async\" width=\"1000\" height=\"1000\" src=\"https:\/\/semiplas.com\/tr\/wp-content\/uploads\/2024\/02\/trucks-highway-mountain-sunset.png\" class=\"attachment-large size-large wp-image-1690\" alt=\"\" srcset=\"https:\/\/semiplas.com\/tr\/wp-content\/uploads\/2024\/02\/trucks-highway-mountain-sunset.png 1000w, https:\/\/semiplas.com\/tr\/wp-content\/uploads\/2024\/02\/trucks-highway-mountain-sunset-768x768.png 768w, https:\/\/semiplas.com\/tr\/wp-content\/uploads\/2024\/02\/trucks-highway-mountain-sunset-640x640.png 640w, https:\/\/semiplas.com\/tr\/wp-content\/uploads\/2024\/02\/trucks-highway-mountain-sunset-400x400.png 400w, https:\/\/semiplas.com\/tr\/wp-content\/uploads\/2024\/02\/trucks-highway-mountain-sunset-560x560.png 560w, https:\/\/semiplas.com\/tr\/wp-content\/uploads\/2024\/02\/trucks-highway-mountain-sunset-367x367.png 367w, https:\/\/semiplas.com\/tr\/wp-content\/uploads\/2024\/02\/trucks-highway-mountain-sunset-600x600.png 600w\" sizes=\"(max-width: 1000px) 100vw, 1000px\" \/>\t\t\t\t\t\t\t\t\t\t\t\t\t<\/div>\n\t\t\t\t<\/div>\n\t\t\t\t\t<\/div>\n\t\t\t\t<\/div>\n\t\t\t\t\t<\/div>\n\t\t\t\t<\/section>\n\t\t\t\t<\/div>\n\t\t","protected":false},"excerpt":{"rendered":"<p>\u201cSorun demeyi sevmiyoruz, bizim i\u00e7in sadece durumlar var. Ekibimiz, m\u00fc\u015fterilerimize projelerinin karma\u015f\u0131kl\u0131\u011f\u0131 konusunda rehberlik edecek t\u00fcm azim ve uzmanl\u0131\u011fa sahiptir.&#8221;\u200b Sabahattin Patel Kurucu 1992 y\u0131l\u0131nda bir aile \u015firketi olarak kurulan Semiplas, d\u00fcnya \u00e7ap\u0131nda 63&#8217;tan fazla \u00fclkede \u00f6zel \u015firketlere, STK&#8217;lara ve resmi makamlara hizmet vermektedir Semiplas, 1989 y\u0131l\u0131nda otomotiv end\u00fcstrisi i\u00e7in plastik par\u00e7a \u00fcretiminde tan\u0131nm\u0131\u015f bir [&hellip;]<\/p>\n","protected":false},"author":1,"featured_media":0,"parent":0,"menu_order":0,"comment_status":"closed","ping_status":"closed","template":"","meta":{"content-type":"","footnotes":""},"class_list":["post-166","page","type-page","status-publish","hentry"],"_links":{"self":[{"href":"https:\/\/semiplas.com\/tr\/wp-json\/wp\/v2\/pages\/166","targetHints":{"allow":["GET"]}}],"collection":[{"href":"https:\/\/semiplas.com\/tr\/wp-json\/wp\/v2\/pages"}],"about":[{"href":"https:\/\/semiplas.com\/tr\/wp-json\/wp\/v2\/types\/page"}],"author":[{"embeddable":true,"href":"https:\/\/semiplas.com\/tr\/wp-json\/wp\/v2\/users\/1"}],"replies":[{"embeddable":true,"href":"https:\/\/semiplas.com\/tr\/wp-json\/wp\/v2\/comments?post=166"}],"version-history":[{"count":76,"href":"https:\/\/semiplas.com\/tr\/wp-json\/wp\/v2\/pages\/166\/revisions"}],"predecessor-version":[{"id":2500,"href":"https:\/\/semiplas.com\/tr\/wp-json\/wp\/v2\/pages\/166\/revisions\/2500"}],"wp:attachment":[{"href":"https:\/\/semiplas.com\/tr\/wp-json\/wp\/v2\/media?parent=166"}],"curies":[{"name":"wp","href":"https:\/\/api.w.org\/{rel}","templated":true}]}}