{"id":1850,"date":"2024-02-18T18:26:41","date_gmt":"2024-02-18T15:26:41","guid":{"rendered":"https:\/\/demo.semiplas.com\/?page_id=1850"},"modified":"2024-03-18T12:35:43","modified_gmt":"2024-03-18T09:35:43","slug":"kalinti-birakmayan-guvenlik-etiketleri","status":"publish","type":"page","link":"https:\/\/semiplas.com\/tr\/kalinti-birakmayan-guvenlik-etiketleri\/","title":{"rendered":"Kal\u0131nt\u0131 B\u0131rakmayan G\u00fcvenlik Etiketleri"},"content":{"rendered":"\t\t<div data-elementor-type=\"wp-page\" data-elementor-id=\"1850\" class=\"elementor elementor-1850\">\n\t\t\t\t\t\t<section class=\"elementor-section elementor-top-section elementor-element elementor-element-26efd97 elementor-section-boxed elementor-section-height-default elementor-section-height-default\" data-id=\"26efd97\" data-element_type=\"section\">\n\t\t\n\t\t\t\t\t\t\t<div class=\"elementor-container elementor-column-gap-custom\">\n\t\t\t\t\t\t\t\t\t\t\t<div class=\"elementor-column elementor-col-50 elementor-top-column elementor-element elementor-element-302f3bc\" data-id=\"302f3bc\" data-element_type=\"column\">\n\t\t\t\t\t<div class=\"elementor-widget-wrap elementor-element-populated\">\n\t\t\t\t\t\t\t\t<div class=\"elementor-element elementor-element-950c1d0 mb-4 elementor-widget elementor-widget-heading\" data-id=\"950c1d0\" data-element_type=\"widget\" data-widget_type=\"heading.default\">\n\t\t\t\t<div class=\"elementor-widget-container\">\n\t\t\t<style>\/*! elementor - v3.19.0 - 07-02-2024 *\/\n.elementor-heading-title{padding:0;margin:0;line-height:1}.elementor-widget-heading .elementor-heading-title[class*=elementor-size-]>a{color:inherit;font-size:inherit;line-height:inherit}.elementor-widget-heading .elementor-heading-title.elementor-size-small{font-size:15px}.elementor-widget-heading .elementor-heading-title.elementor-size-medium{font-size:19px}.elementor-widget-heading .elementor-heading-title.elementor-size-large{font-size:29px}.elementor-widget-heading .elementor-heading-title.elementor-size-xl{font-size:39px}.elementor-widget-heading .elementor-heading-title.elementor-size-xxl{font-size:59px}<\/style><h4 class=\"elementor-heading-title elementor-size-default\">M\u00fcdahaleye, h\u0131rs\u0131zl\u0131\u011fa ve \u00fcr\u00fcn de\u011fi\u015fimine kar\u015f\u0131 maksimum koruma sa\u011flar<\/h4>\t\t<\/div>\n\t\t\t\t<\/div>\n\t\t\t\t<div class=\"elementor-element elementor-element-8860fa5 anim-text mb-0 elementor-widget elementor-widget-heading\" data-id=\"8860fa5\" data-element_type=\"widget\" data-widget_type=\"heading.default\">\n\t\t\t\t<div class=\"elementor-widget-container\">\n\t\t\t<p class=\"elementor-heading-title elementor-size-default\">Kal\u0131nt\u0131 b\u0131rakmayan m\u00fcdahaleyi g\u00f6steren etiketler, a\u00e7\u0131lma giri\u015fiminde uygulanan nesne yerine etiketin kendisinde \"VOID\" uyar\u0131 mesaj\u0131n\u0131 g\u00f6steren kal\u0131nt\u0131 b\u0131rakmayan etiketlerler polyesterden  yap\u0131lm\u0131\u015ft\u0131r. Kal\u0131nt\u0131 \u00fczerinde m\u00fcdahaleyi g\u00f6steren g\u00fcvenlik etiketleri, uygulanan y\u00fczeylerde kal\u0131nt\u0131 b\u0131rakmadan m\u00fcdahaleye kar\u015f\u0131 kan\u0131t sa\u011flar. Kal\u0131nt\u0131 b\u0131rakmayan g\u00fcvenlik etiketleri, sabitlenen kap veya nesnenin yeniden kullan\u0131lmas\u0131n\u0131n gerekti\u011fi veya etiketin y\u00fczeyde bir kal\u0131nt\u0131 b\u0131rakmas\u0131 durumunda hasar g\u00f6rebilece\u011fi uygulamalar i\u00e7in \u00f6nerilir. Mevcut stok renkleri k\u0131rm\u0131z\u0131 ve mavidir.<br><br>\n\nKal\u0131nt\u0131 B\u0131rakmayan G\u00fcvenlik Etiketi \u00d6zellikleri<br>\n-Uygulama y\u00fczeyinde yap\u0131\u015ft\u0131r\u0131c\u0131 kal\u0131nt\u0131s\u0131 kalmaz.<br>\n-Ambalaj\u0131n kapanma y\u00fczeyini g\u00fcvence alt\u0131na almak i\u00e7in tasarlanm\u0131\u015ft\u0131r.<br>\n-M\u00fcdahale halinde a\u00e7\u0131k ve g\u00f6r\u00fcn\u00fcr bir mesaj b\u0131rakacakt\u0131r.<br>\n-Yeniden kullan\u0131labilir ambalaj veya y\u00fcksek dereceli mallar\u0131n kapat\u0131lmas\u0131 i\u00e7in uygundur.<br><br>\n\n\u00d6zel bask\u0131l\u0131, kal\u0131nt\u0131 olmayan, m\u00fcdahale belirte\u00e7li etiketler.<br><br>\n\nBoyut, renk, seri numaraland\u0131rma, barkod ve LOGO ihtiya\u00e7lar\u0131n\u0131za g\u00f6re \u00f6zelle\u015ftirilebilir.      <\/p>\t\t<\/div>\n\t\t\t\t<\/div>\n\t\t\t\t\t<\/div>\n\t\t\t\t<\/div>\n\t\t\t\t<div class=\"elementor-column elementor-col-50 elementor-top-column elementor-element elementor-element-0c5c7e2 custom-image-wrapper\" data-id=\"0c5c7e2\" data-element_type=\"column\">\n\t\t\t\t\t<div class=\"elementor-widget-wrap elementor-element-populated\">\n\t\t\t\t\t\t\t\t<div class=\"elementor-element elementor-element-0340890 elementor-widget elementor-widget-image\" data-id=\"0340890\" data-element_type=\"widget\" data-widget_type=\"image.default\">\n\t\t\t\t<div class=\"elementor-widget-container\">\n\t\t\t<style>\/*! elementor - v3.19.0 - 07-02-2024 *\/\n.elementor-widget-image{text-align:center}.elementor-widget-image a{display:inline-block}.elementor-widget-image a img[src$=\".svg\"]{width:48px}.elementor-widget-image img{vertical-align:middle;display:inline-block}<\/style>\t\t\t\t\t\t\t\t\t\t<img fetchpriority=\"high\" decoding=\"async\" width=\"1024\" height=\"700\" src=\"https:\/\/semiplas.com\/tr\/wp-content\/uploads\/2024\/02\/Untitled-5-1024x700.png\" class=\"attachment-large size-large wp-image-1858\" alt=\"\" srcset=\"https:\/\/semiplas.com\/tr\/wp-content\/uploads\/2024\/02\/Untitled-5-1024x700.png 1024w, https:\/\/semiplas.com\/tr\/wp-content\/uploads\/2024\/02\/Untitled-5-768x525.png 768w, https:\/\/semiplas.com\/tr\/wp-content\/uploads\/2024\/02\/Untitled-5-640x438.png 640w, https:\/\/semiplas.com\/tr\/wp-content\/uploads\/2024\/02\/Untitled-5-400x274.png 400w, https:\/\/semiplas.com\/tr\/wp-content\/uploads\/2024\/02\/Untitled-5-367x251.png 367w, https:\/\/semiplas.com\/tr\/wp-content\/uploads\/2024\/02\/Untitled-5-600x410.png 600w\" sizes=\"(max-width: 1024px) 100vw, 1024px\" \/>\t\t\t\t\t\t\t\t\t\t\t\t\t<\/div>\n\t\t\t\t<\/div>\n\t\t\t\t\t<\/div>\n\t\t\t\t<\/div>\n\t\t\t\t\t<\/div>\n\t\t\t\t<\/section>\n\t\t<div class=\"elementor-element elementor-element-44b7dc7 e-flex e-con-boxed e-con e-parent\" data-id=\"44b7dc7\" data-element_type=\"container\" data-settings=\"{&quot;content_width&quot;:&quot;boxed&quot;}\" data-core-v316-plus=\"true\">\n\t\t\t\t\t<div class=\"e-con-inner\">\n\t\t\t\t<div class=\"elementor-element elementor-element-735aa33 elementor-arrows-position-inside elementor-pagination-position-outside elementor-widget elementor-widget-image-carousel\" data-id=\"735aa33\" data-element_type=\"widget\" data-settings=\"{&quot;navigation&quot;:&quot;both&quot;,&quot;autoplay&quot;:&quot;yes&quot;,&quot;pause_on_hover&quot;:&quot;yes&quot;,&quot;pause_on_interaction&quot;:&quot;yes&quot;,&quot;autoplay_speed&quot;:5000,&quot;infinite&quot;:&quot;yes&quot;,&quot;speed&quot;:500}\" data-widget_type=\"image-carousel.default\">\n\t\t\t\t<div class=\"elementor-widget-container\">\n\t\t\t<style>\/*! elementor - v3.19.0 - 07-02-2024 *\/\n.elementor-widget-image-carousel .swiper,.elementor-widget-image-carousel .swiper-container{position:static}.elementor-widget-image-carousel .swiper-container .swiper-slide figure,.elementor-widget-image-carousel .swiper .swiper-slide figure{line-height:inherit}.elementor-widget-image-carousel .swiper-slide{text-align:center}.elementor-image-carousel-wrapper:not(.swiper-container-initialized):not(.swiper-initialized) .swiper-slide{max-width:calc(100% \/ var(--e-image-carousel-slides-to-show, 3))}<\/style>\t\t<div class=\"elementor-image-carousel-wrapper swiper\" dir=\"ltr\">\n\t\t\t<div class=\"elementor-image-carousel swiper-wrapper\" aria-live=\"off\">\n\t\t\t\t\t\t\t\t<div class=\"swiper-slide\" role=\"group\" aria-roledescription=\"slide\" aria-label=\"1 \/ 5\"><figure class=\"swiper-slide-inner\"><img decoding=\"async\" class=\"swiper-slide-image\" src=\"https:\/\/semiplas.com\/tr\/wp-content\/uploads\/2024\/02\/Untitled-5-150x150.png\" alt=\"Untitled-5\" \/><\/figure><\/div><div class=\"swiper-slide\" role=\"group\" aria-roledescription=\"slide\" aria-label=\"2 \/ 5\"><figure class=\"swiper-slide-inner\"><img decoding=\"async\" class=\"swiper-slide-image\" src=\"https:\/\/semiplas.com\/tr\/wp-content\/uploads\/2024\/02\/Untitled-6-150x150.png\" alt=\"Untitled-6\" \/><\/figure><\/div><div class=\"swiper-slide\" role=\"group\" aria-roledescription=\"slide\" aria-label=\"3 \/ 5\"><figure class=\"swiper-slide-inner\"><img decoding=\"async\" class=\"swiper-slide-image\" src=\"https:\/\/semiplas.com\/tr\/wp-content\/uploads\/2024\/03\/box1-Copy-150x150.jpg\" alt=\"box1-Copy\" \/><\/figure><\/div><div class=\"swiper-slide\" role=\"group\" aria-roledescription=\"slide\" aria-label=\"4 \/ 5\"><figure class=\"swiper-slide-inner\"><img decoding=\"async\" class=\"swiper-slide-image\" src=\"https:\/\/semiplas.com\/tr\/wp-content\/uploads\/2024\/03\/box1-Copy-1-150x150-1.jpg\" alt=\"box1-Copy-1-150x150\" \/><\/figure><\/div><div class=\"swiper-slide\" role=\"group\" aria-roledescription=\"slide\" aria-label=\"5 \/ 5\"><figure class=\"swiper-slide-inner\"><img decoding=\"async\" class=\"swiper-slide-image\" src=\"https:\/\/semiplas.com\/tr\/wp-content\/uploads\/2024\/03\/box3-Copy-1-150x150-1.jpg\" alt=\"box3-Copy-1-150x150\" \/><\/figure><\/div>\t\t\t<\/div>\n\t\t\t\t\t\t\t\t\t\t\t\t<div class=\"elementor-swiper-button elementor-swiper-button-prev\" role=\"button\" tabindex=\"0\">\n\t\t\t\t\t\t<svg aria-hidden=\"true\" class=\"e-font-icon-svg e-eicon-chevron-left\" viewBox=\"0 0 1000 1000\" xmlns=\"http:\/\/www.w3.org\/2000\/svg\"><path d=\"M646 125C629 125 613 133 604 142L308 442C296 454 292 471 292 487 292 504 296 521 308 533L604 854C617 867 629 875 646 875 663 875 679 871 692 858 704 846 713 829 713 812 713 796 708 779 692 767L438 487 692 225C700 217 708 204 708 187 708 171 704 154 692 142 675 129 663 125 646 125Z\"><\/path><\/svg>\t\t\t\t\t<\/div>\n\t\t\t\t\t<div class=\"elementor-swiper-button elementor-swiper-button-next\" role=\"button\" tabindex=\"0\">\n\t\t\t\t\t\t<svg aria-hidden=\"true\" class=\"e-font-icon-svg e-eicon-chevron-right\" viewBox=\"0 0 1000 1000\" xmlns=\"http:\/\/www.w3.org\/2000\/svg\"><path d=\"M696 533C708 521 713 504 713 487 713 471 708 454 696 446L400 146C388 133 375 125 354 125 338 125 325 129 313 142 300 154 292 171 292 187 292 204 296 221 308 233L563 492 304 771C292 783 288 800 288 817 288 833 296 850 308 863 321 871 338 875 354 875 371 875 388 867 400 854L696 533Z\"><\/path><\/svg>\t\t\t\t\t<\/div>\n\t\t\t\t\n\t\t\t\t\t\t\t\t\t<div class=\"swiper-pagination\"><\/div>\n\t\t\t\t\t\t\t\t\t<\/div>\n\t\t\t\t<\/div>\n\t\t\t\t<\/div>\n\t\t\t\t\t<\/div>\n\t\t\t\t<\/div>\n\t\t\t\t<\/div>\n\t\t","protected":false},"excerpt":{"rendered":"<p>M\u00fcdahaleye, h\u0131rs\u0131zl\u0131\u011fa ve \u00fcr\u00fcn de\u011fi\u015fimine kar\u015f\u0131 maksimum koruma sa\u011flar Kal\u0131nt\u0131 b\u0131rakmayan m\u00fcdahaleyi g\u00f6steren etiketler, a\u00e7\u0131lma giri\u015fiminde uygulanan nesne yerine etiketin kendisinde &#8220;VOID&#8221; uyar\u0131 mesaj\u0131n\u0131 g\u00f6steren kal\u0131nt\u0131 b\u0131rakmayan etiketlerler polyesterden yap\u0131lm\u0131\u015ft\u0131r. Kal\u0131nt\u0131 \u00fczerinde m\u00fcdahaleyi g\u00f6steren g\u00fcvenlik etiketleri, uygulanan y\u00fczeylerde kal\u0131nt\u0131 b\u0131rakmadan m\u00fcdahaleye kar\u015f\u0131 kan\u0131t sa\u011flar. Kal\u0131nt\u0131 b\u0131rakmayan g\u00fcvenlik etiketleri, sabitlenen kap veya nesnenin yeniden kullan\u0131lmas\u0131n\u0131n gerekti\u011fi [&hellip;]<\/p>\n","protected":false},"author":1,"featured_media":0,"parent":0,"menu_order":0,"comment_status":"closed","ping_status":"closed","template":"","meta":{"content-type":"","footnotes":""},"class_list":["post-1850","page","type-page","status-publish","hentry"],"_links":{"self":[{"href":"https:\/\/semiplas.com\/tr\/wp-json\/wp\/v2\/pages\/1850","targetHints":{"allow":["GET"]}}],"collection":[{"href":"https:\/\/semiplas.com\/tr\/wp-json\/wp\/v2\/pages"}],"about":[{"href":"https:\/\/semiplas.com\/tr\/wp-json\/wp\/v2\/types\/page"}],"author":[{"embeddable":true,"href":"https:\/\/semiplas.com\/tr\/wp-json\/wp\/v2\/users\/1"}],"replies":[{"embeddable":true,"href":"https:\/\/semiplas.com\/tr\/wp-json\/wp\/v2\/comments?post=1850"}],"version-history":[{"count":33,"href":"https:\/\/semiplas.com\/tr\/wp-json\/wp\/v2\/pages\/1850\/revisions"}],"predecessor-version":[{"id":2456,"href":"https:\/\/semiplas.com\/tr\/wp-json\/wp\/v2\/pages\/1850\/revisions\/2456"}],"wp:attachment":[{"href":"https:\/\/semiplas.com\/tr\/wp-json\/wp\/v2\/media?parent=1850"}],"curies":[{"name":"wp","href":"https:\/\/api.w.org\/{rel}","templated":true}]}}