{"id":1864,"date":"2024-02-18T18:32:46","date_gmt":"2024-02-18T15:32:46","guid":{"rendered":"https:\/\/demo.semiplas.com\/?page_id=1864"},"modified":"2024-03-18T12:21:30","modified_gmt":"2024-03-18T09:21:30","slug":"guvenlik-bandi","status":"publish","type":"page","link":"https:\/\/semiplas.com\/tr\/guvenlik-bandi\/","title":{"rendered":"G\u00fcvenlik Band\u0131"},"content":{"rendered":"\t\t<div data-elementor-type=\"wp-page\" data-elementor-id=\"1864\" class=\"elementor elementor-1864\">\n\t\t\t\t\t\t<section class=\"elementor-section elementor-top-section elementor-element elementor-element-2fc5ec7 elementor-section-boxed elementor-section-height-default elementor-section-height-default\" data-id=\"2fc5ec7\" data-element_type=\"section\">\n\t\t\n\t\t\t\t\t\t\t<div class=\"elementor-container elementor-column-gap-custom\">\n\t\t\t\t\t\t\t\t\t\t\t<div class=\"elementor-column elementor-col-50 elementor-top-column elementor-element elementor-element-5c85ae8\" data-id=\"5c85ae8\" data-element_type=\"column\">\n\t\t\t\t\t<div class=\"elementor-widget-wrap elementor-element-populated\">\n\t\t\t\t\t\t\t\t<div class=\"elementor-element elementor-element-9b01f3c anim-text mb-0 elementor-widget elementor-widget-heading\" data-id=\"9b01f3c\" data-element_type=\"widget\" data-widget_type=\"heading.default\">\n\t\t\t\t<div class=\"elementor-widget-container\">\n\t\t\t<style>\/*! elementor - v3.19.0 - 07-02-2024 *\/\n.elementor-heading-title{padding:0;margin:0;line-height:1}.elementor-widget-heading .elementor-heading-title[class*=elementor-size-]>a{color:inherit;font-size:inherit;line-height:inherit}.elementor-widget-heading .elementor-heading-title.elementor-size-small{font-size:15px}.elementor-widget-heading .elementor-heading-title.elementor-size-medium{font-size:19px}.elementor-widget-heading .elementor-heading-title.elementor-size-large{font-size:29px}.elementor-widget-heading .elementor-heading-title.elementor-size-xl{font-size:39px}.elementor-widget-heading .elementor-heading-title.elementor-size-xxl{font-size:59px}<\/style><p class=\"elementor-heading-title elementor-size-default\">Bu G\u00fcvenlik Bant\u0131, herhangi bir paket i\u00e7eri\u011fine yetkisiz m\u00fcdahaleye kar\u015f\u0131 kontrol sunar ve ayn\u0131 zamanda m\u00fckemmel bir g\u00f6rsel h\u0131rs\u0131zl\u0131k cayd\u0131r\u0131c\u0131l\u0131\u011f\u0131 da sa\u011flar.<br><br>\n\nT\u00fcm bask\u0131 ve numaraland\u0131rma y\u00fczeyin alt\u0131ndad\u0131r, bu da \u00e7\u0131kar\u0131lmas\u0131n\u0131 veya de\u011fi\u015ftirilmesini imkans\u0131z hale getirir ve band\u0131n y\u00fczeyi silikonlu oldu\u011fundan, kesilerek a\u00e7\u0131lmas\u0131 durumunda bantla yeniden kapat\u0131lmas\u0131 m\u00fcmk\u00fcn de\u011fildir.\n\nG\u00fcvenlik Band\u0131, kald\u0131r\u0131lmaya veya \u00e7\u0131kar\u0131lmaya \u00e7al\u0131\u015f\u0131ld\u0131\u011f\u0131nda kal\u0131c\u0131 olarak ayr\u0131lan 'kendi kendini ge\u00e7ersiz k\u0131lan' bir malzemedir. T\u00fcm karton elyaf ve plastik ambalajlarda kullan\u0131lmak \u00fczere \u00f6zel olarak geli\u015ftirilmi\u015ftir.<\/p>\t\t<\/div>\n\t\t\t\t<\/div>\n\t\t\t\t\t<\/div>\n\t\t\t\t<\/div>\n\t\t\t\t<div class=\"elementor-column elementor-col-50 elementor-top-column elementor-element elementor-element-87821a7 custom-image-wrapper\" data-id=\"87821a7\" data-element_type=\"column\">\n\t\t\t\t\t<div class=\"elementor-widget-wrap elementor-element-populated\">\n\t\t\t\t\t\t\t\t<div class=\"elementor-element elementor-element-d793b59 elementor-widget elementor-widget-image\" data-id=\"d793b59\" data-element_type=\"widget\" data-widget_type=\"image.default\">\n\t\t\t\t<div class=\"elementor-widget-container\">\n\t\t\t<style>\/*! elementor - v3.19.0 - 07-02-2024 *\/\n.elementor-widget-image{text-align:center}.elementor-widget-image a{display:inline-block}.elementor-widget-image a img[src$=\".svg\"]{width:48px}.elementor-widget-image img{vertical-align:middle;display:inline-block}<\/style>\t\t\t\t\t\t\t\t\t\t<img fetchpriority=\"high\" decoding=\"async\" width=\"1000\" height=\"674\" src=\"https:\/\/semiplas.com\/tr\/wp-content\/uploads\/2024\/02\/ETIQUETA-KTL-50X50-AZUL-AETI000000003-copia-e1513438664196.webp\" class=\"attachment-large size-large wp-image-1870\" alt=\"\" srcset=\"https:\/\/semiplas.com\/tr\/wp-content\/uploads\/2024\/02\/ETIQUETA-KTL-50X50-AZUL-AETI000000003-copia-e1513438664196.webp 1000w, https:\/\/semiplas.com\/tr\/wp-content\/uploads\/2024\/02\/ETIQUETA-KTL-50X50-AZUL-AETI000000003-copia-e1513438664196-768x518.webp 768w, https:\/\/semiplas.com\/tr\/wp-content\/uploads\/2024\/02\/ETIQUETA-KTL-50X50-AZUL-AETI000000003-copia-e1513438664196-640x431.webp 640w, https:\/\/semiplas.com\/tr\/wp-content\/uploads\/2024\/02\/ETIQUETA-KTL-50X50-AZUL-AETI000000003-copia-e1513438664196-400x270.webp 400w, https:\/\/semiplas.com\/tr\/wp-content\/uploads\/2024\/02\/ETIQUETA-KTL-50X50-AZUL-AETI000000003-copia-e1513438664196-367x247.webp 367w, https:\/\/semiplas.com\/tr\/wp-content\/uploads\/2024\/02\/ETIQUETA-KTL-50X50-AZUL-AETI000000003-copia-e1513438664196-600x404.webp 600w\" sizes=\"(max-width: 1000px) 100vw, 1000px\" \/>\t\t\t\t\t\t\t\t\t\t\t\t\t<\/div>\n\t\t\t\t<\/div>\n\t\t\t\t\t<\/div>\n\t\t\t\t<\/div>\n\t\t\t\t\t<\/div>\n\t\t\t\t<\/section>\n\t\t\t\t<section class=\"elementor-section elementor-top-section elementor-element elementor-element-c1212e7 elementor-section-boxed elementor-section-height-default elementor-section-height-default\" data-id=\"c1212e7\" data-element_type=\"section\" data-settings=\"{&quot;background_background&quot;:&quot;classic&quot;}\">\n\t\t\n\t\t\t\t\t\t\t<div class=\"elementor-container elementor-column-gap-wider\">\n\t\t\t\t\t\t\t\t\t\t\t<div class=\"elementor-column elementor-col-50 elementor-top-column elementor-element elementor-element-f9a3a13\" data-id=\"f9a3a13\" data-element_type=\"column\">\n\t\t\t\t\t<div class=\"elementor-widget-wrap elementor-element-populated\">\n\t\t\t\t\t\t\t\t<div class=\"elementor-element elementor-element-d21495d elementor-widget elementor-widget-heading\" data-id=\"d21495d\" data-element_type=\"widget\" data-widget_type=\"heading.default\">\n\t\t\t\t<div class=\"elementor-widget-container\">\n\t\t\t<h6 class=\"elementor-heading-title elementor-size-default\">\u00d6zellikler<\/h6>\t\t<\/div>\n\t\t\t\t<\/div>\n\t\t\t\t\t<\/div>\n\t\t\t\t<\/div>\n\t\t\t\t<div class=\"elementor-column elementor-col-50 elementor-top-column elementor-element elementor-element-0fbd2c4\" data-id=\"0fbd2c4\" data-element_type=\"column\">\n\t\t\t\t\t<div class=\"elementor-widget-wrap elementor-element-populated\">\n\t\t\t\t\t\t\t\t<div class=\"elementor-element elementor-element-287debe elementor-widget elementor-widget-heading\" data-id=\"287debe\" data-element_type=\"widget\" data-widget_type=\"heading.default\">\n\t\t\t\t<div class=\"elementor-widget-container\">\n\t\t\t<h6 class=\"elementor-heading-title elementor-size-default\">\u00d6zellikler:<\/h6>\t\t<\/div>\n\t\t\t\t<\/div>\n\t\t\t\t\t<\/div>\n\t\t\t\t<\/div>\n\t\t\t\t\t<\/div>\n\t\t\t\t<\/section>\n\t\t\t\t<section class=\"elementor-section elementor-top-section elementor-element elementor-element-726bae5 elementor-section-boxed elementor-section-height-default elementor-section-height-default\" data-id=\"726bae5\" data-element_type=\"section\" data-settings=\"{&quot;background_background&quot;:&quot;classic&quot;}\">\n\t\t\n\t\t\t\t\t\t\t<div class=\"elementor-container elementor-column-gap-wider\">\n\t\t\t\t\t\t\t\t\t\t\t<div class=\"elementor-column elementor-col-50 elementor-top-column elementor-element elementor-element-489fe09\" data-id=\"489fe09\" data-element_type=\"column\">\n\t\t\t\t\t<div class=\"elementor-widget-wrap elementor-element-populated\">\n\t\t\t\t\t\t\t\t<div class=\"elementor-element elementor-element-e33be3b elementor-widget elementor-widget-text-editor\" data-id=\"e33be3b\" data-element_type=\"widget\" data-widget_type=\"text-editor.default\">\n\t\t\t\t<div class=\"elementor-widget-container\">\n\t\t\t<style>\/*! elementor - v3.19.0 - 07-02-2024 *\/\n.elementor-widget-text-editor.elementor-drop-cap-view-stacked .elementor-drop-cap{background-color:#69727d;color:#fff}.elementor-widget-text-editor.elementor-drop-cap-view-framed .elementor-drop-cap{color:#69727d;border:3px solid;background-color:transparent}.elementor-widget-text-editor:not(.elementor-drop-cap-view-default) .elementor-drop-cap{margin-top:8px}.elementor-widget-text-editor:not(.elementor-drop-cap-view-default) .elementor-drop-cap-letter{width:1em;height:1em}.elementor-widget-text-editor .elementor-drop-cap{float:left;text-align:center;line-height:1;font-size:50px}.elementor-widget-text-editor .elementor-drop-cap-letter{display:inline-block}<\/style>\t\t\t\t\u2022 A\u00e7\u0131k\u00e7a GE\u00c7ERS\u0130Z A\u00c7ILDI g\u00fcvenlik mesaj\u0131n\u0131 i\u00e7eren KIRMIZI y\u00fczl\u00fc malzeme<br>\n\u2022 Y\u00fcksek yap\u0131\u015fkanl\u0131 arka y\u00fczeye sahip, kendinden sar\u0131l\u0131 polipropilen malzeme<br>\n\u2022 50 m uzunlu\u011funda, 50 mm geni\u015fli\u011finde rulolar halinde tedarik edilir<br>\n\u2022 Stok versiyonu her 152 mm&#8217;de bir deliklidir<br>\n\u2022 Standart ambalaj band\u0131 da\u011f\u0131t\u0131c\u0131s\u0131yla kullan\u0131ma uygundur\t\t\t\t\t\t<\/div>\n\t\t\t\t<\/div>\n\t\t\t\t\t<\/div>\n\t\t\t\t<\/div>\n\t\t\t\t<div class=\"elementor-column elementor-col-50 elementor-top-column elementor-element elementor-element-ca36acc\" data-id=\"ca36acc\" data-element_type=\"column\">\n\t\t\t\t\t<div class=\"elementor-widget-wrap elementor-element-populated\">\n\t\t\t\t\t\t\t\t<div class=\"elementor-element elementor-element-9917b56 elementor-widget elementor-widget-text-editor\" data-id=\"9917b56\" data-element_type=\"widget\" data-widget_type=\"text-editor.default\">\n\t\t\t\t<div class=\"elementor-widget-container\">\n\t\t\t\t\t\t\t\u2022 Fiber\/Mumlu kartonlar<br>\n\u2022 Kartonlar<br>\n\u2022 Ah\u015fap kutular\/kasalar<br>\n\u2022 Polistiren<br>\n\u2022 Makine panelleri<br>\n\u2022 G\u00fcmr\u00fcks\u00fcz paketler<br>\n\u2022 Shrink ambalaj ve paletler<br>\n\u2022 Y\u00fck konteynerleri<br>\t\t\t\t\t\t<\/div>\n\t\t\t\t<\/div>\n\t\t\t\t\t<\/div>\n\t\t\t\t<\/div>\n\t\t\t\t\t<\/div>\n\t\t\t\t<\/section>\n\t\t\t\t<\/div>\n\t\t","protected":false},"excerpt":{"rendered":"<p>Bu G\u00fcvenlik Bant\u0131, herhangi bir paket i\u00e7eri\u011fine yetkisiz m\u00fcdahaleye kar\u015f\u0131 kontrol sunar ve ayn\u0131 zamanda m\u00fckemmel bir g\u00f6rsel h\u0131rs\u0131zl\u0131k cayd\u0131r\u0131c\u0131l\u0131\u011f\u0131 da sa\u011flar. T\u00fcm bask\u0131 ve numaraland\u0131rma y\u00fczeyin alt\u0131ndad\u0131r, bu da \u00e7\u0131kar\u0131lmas\u0131n\u0131 veya de\u011fi\u015ftirilmesini imkans\u0131z hale getirir ve band\u0131n y\u00fczeyi silikonlu oldu\u011fundan, kesilerek a\u00e7\u0131lmas\u0131 durumunda bantla yeniden kapat\u0131lmas\u0131 m\u00fcmk\u00fcn de\u011fildir. G\u00fcvenlik Band\u0131, kald\u0131r\u0131lmaya veya \u00e7\u0131kar\u0131lmaya \u00e7al\u0131\u015f\u0131ld\u0131\u011f\u0131nda [&hellip;]<\/p>\n","protected":false},"author":1,"featured_media":0,"parent":0,"menu_order":0,"comment_status":"closed","ping_status":"closed","template":"","meta":{"content-type":"","footnotes":""},"class_list":["post-1864","page","type-page","status-publish","hentry"],"_links":{"self":[{"href":"https:\/\/semiplas.com\/tr\/wp-json\/wp\/v2\/pages\/1864","targetHints":{"allow":["GET"]}}],"collection":[{"href":"https:\/\/semiplas.com\/tr\/wp-json\/wp\/v2\/pages"}],"about":[{"href":"https:\/\/semiplas.com\/tr\/wp-json\/wp\/v2\/types\/page"}],"author":[{"embeddable":true,"href":"https:\/\/semiplas.com\/tr\/wp-json\/wp\/v2\/users\/1"}],"replies":[{"embeddable":true,"href":"https:\/\/semiplas.com\/tr\/wp-json\/wp\/v2\/comments?post=1864"}],"version-history":[{"count":23,"href":"https:\/\/semiplas.com\/tr\/wp-json\/wp\/v2\/pages\/1864\/revisions"}],"predecessor-version":[{"id":2446,"href":"https:\/\/semiplas.com\/tr\/wp-json\/wp\/v2\/pages\/1864\/revisions\/2446"}],"wp:attachment":[{"href":"https:\/\/semiplas.com\/tr\/wp-json\/wp\/v2\/media?parent=1864"}],"curies":[{"name":"wp","href":"https:\/\/api.w.org\/{rel}","templated":true}]}}