{"id":1094,"date":"2024-02-04T19:35:45","date_gmt":"2024-02-04T16:35:45","guid":{"rendered":"https:\/\/www.semiplas.com\/?post_type=product&#038;p=1094"},"modified":"2024-03-19T11:13:23","modified_gmt":"2024-03-19T08:13:23","slug":"sp-security-seal-05-02","status":"publish","type":"product","link":"https:\/\/semiplas.com\/tr\/urun\/sp-security-seal-05-02\/","title":{"rendered":"SP 05.02"},"content":{"rendered":"<hr id=\"system-readmore\" \/>\n<p>\u2022 Tek par\u00e7adan mamul sabit mesafeli plastik mu\u0308hu\u0308r.<br \/>\n\u2022 Polipropilen kopolimer malzemeden u\u0308retilmi\u015ftir.<br \/>\n\u2022 Kafes tip ve plastik kasalarda, ara\u00e7 kap\u0131lar\u0131nda kullan\u0131labilir.<br \/>\n\u2022 K\u0131ymetli u\u0308ru\u0308nlerin ta\u015f\u0131nmas\u0131nda gu\u0308venlik sa\u011flar.<br \/>\n\u2022 G\u0131da, kimyasal ve kara ta\u015f\u0131mac\u0131l\u0131\u011f\u0131nda tercih edilen bir mu\u0308hu\u0308rdu\u0308r.<br \/>\n\u2022 Termal transfer ve lazer markalama se\u00e7enekleri mevcuttur.<br \/>\n\u2022 \u00dcru\u0308nler kendi ambalajlar\u0131nda, oda s\u0131cakl\u0131\u011f\u0131nda ve gu\u0308ne\u015f \u0131\u015f\u0131\u011f\u0131ndan uzakta saklanmal\u0131d\u0131r.<br \/>\n\u2022 ROHS direktifine uygun hammadde ile u\u0308retim yap\u0131lmaktad\u0131r.<\/p>\n<h2>SP 05.02 Paketleme Detaylar\u0131<\/h2>\n<table style=\"height: 193px;\" border=\"0\" width=\"392\" cellspacing=\"0\" cellpadding=\"0\">\n<colgroup>\n<col style=\"mso-width-source: userset; mso-width-alt: 4681; width: 96pt;\" width=\"128\" \/>\n<col style=\"mso-width-source: userset; mso-width-alt: 6217; width: 128pt;\" width=\"170\" \/> <\/colgroup>\n<tbody>\n<tr style=\"height: 23.25pt;\">\n<td class=\"xl66\" style=\"height: 23.25pt; width: 388px;\" colspan=\"2\" height=\"31\"><\/td>\n<\/tr>\n<tr style=\"height: 15.0pt;\">\n<td class=\"xl67\" style=\"height: 15pt; width: 165.133px;\" height=\"20\"><strong>\u00dcr\u00fcn A\u011f\u0131rl\u0131\u011f\u0131<\/strong><\/td>\n<td class=\"xl67\" style=\"width: 220.867px;\">2,7 gr<\/td>\n<\/tr>\n<tr style=\"height: 15.0pt;\">\n<td class=\"xl67\" style=\"height: 15pt; width: 165.133px;\" height=\"20\"><strong>Koli \u00d6l\u00e7\u00fcs\u00fc<\/strong><\/td>\n<td class=\"xl65\" style=\"width: 220.867px;\">24 X\u00a039 X\u00a030 cm<\/td>\n<\/tr>\n<tr style=\"height: 15.0pt;\">\n<td class=\"xl67\" style=\"height: 15pt; width: 165.133px;\" height=\"20\"><strong>Koli Adeti<\/strong><\/td>\n<td class=\"xl65\" style=\"width: 220.867px;\">1000 Adet<\/td>\n<\/tr>\n<tr style=\"height: 15.0pt;\">\n<td class=\"xl67\" style=\"height: 15pt; width: 165.133px;\" height=\"20\"><strong>Koli A\u011f\u0131rl\u0131\u011f\u0131<\/strong><\/td>\n<td class=\"xl65\" style=\"width: 220.867px;\">3,1 kg<\/td>\n<\/tr>\n<tr style=\"height: 15.0pt;\">\n<td class=\"xl67\" style=\"height: 15pt; width: 165.133px;\" height=\"20\"><strong>Palet \u00d6l\u00e7\u00fcs\u00fc<\/strong><\/td>\n<td class=\"xl65\" style=\"width: 220.867px;\">T\u0131r &#8211; 110x130x215 cm<\/td>\n<\/tr>\n<tr style=\"height: 15.0pt;\">\n<td class=\"xl67\" style=\"height: 15pt; width: 165.133px;\" height=\"20\"><strong>\u00a0<\/strong><\/td>\n<td class=\"xl65\" style=\"width: 220.867px;\">Kamyon &#8211; 110x130x180 cm<\/td>\n<\/tr>\n<tr style=\"height: 15.0pt;\">\n<td class=\"xl67\" style=\"height: 15pt; width: 165.133px;\" height=\"20\"><strong>Palet Adeti<\/strong><\/td>\n<td class=\"xl65\" style=\"width: 220.867px;\">T\u0131r &#8211; 120.000 adet<\/td>\n<\/tr>\n<tr style=\"height: 15.0pt;\">\n<td class=\"xl67\" style=\"height: 15pt; width: 165.133px;\" height=\"20\"><\/td>\n<td class=\"xl65\" style=\"width: 220.867px;\">Kamyon &#8211; 100.000 adet<\/td>\n<\/tr>\n<\/tbody>\n<\/table>\n<p>&nbsp;<\/p>\n","protected":false},"excerpt":{"rendered":"<p>D\u00fc\u015f\u00fck maliyetli, tek kullan\u0131ml\u0131k plastik g\u00f6sterge contalar\u0131<\/p>\n<p><i class=\"fa-solid fa-download\"><\/i>\u00a0<a href=\"https:\/\/www.semiplas.com\/tr\/wp-content\/uploads\/semiplas\/datasheets\/sp-05-02.pdf\" target=\"_blank\" rel=\"noopener\">DATASHEET \u0130ND\u0130R<\/a><\/p>\n","protected":false},"featured_media":1095,"comment_status":"open","ping_status":"closed","template":"","meta":{"content-type":""},"product_cat":[26],"product_tag":[],"class_list":{"0":"post-1094","1":"product","2":"type-product","3":"status-publish","4":"has-post-thumbnail","6":"product_cat-plastik-guvenlik-muhurleri","8":"first","9":"instock","10":"shipping-taxable","11":"product-type-simple"},"_links":{"self":[{"href":"https:\/\/semiplas.com\/tr\/wp-json\/wp\/v2\/product\/1094","targetHints":{"allow":["GET"]}}],"collection":[{"href":"https:\/\/semiplas.com\/tr\/wp-json\/wp\/v2\/product"}],"about":[{"href":"https:\/\/semiplas.com\/tr\/wp-json\/wp\/v2\/types\/product"}],"replies":[{"embeddable":true,"href":"https:\/\/semiplas.com\/tr\/wp-json\/wp\/v2\/comments?post=1094"}],"wp:featuredmedia":[{"embeddable":true,"href":"https:\/\/semiplas.com\/tr\/wp-json\/wp\/v2\/media\/1095"}],"wp:attachment":[{"href":"https:\/\/semiplas.com\/tr\/wp-json\/wp\/v2\/media?parent=1094"}],"wp:term":[{"taxonomy":"product_cat","embeddable":true,"href":"https:\/\/semiplas.com\/tr\/wp-json\/wp\/v2\/product_cat?post=1094"},{"taxonomy":"product_tag","embeddable":true,"href":"https:\/\/semiplas.com\/tr\/wp-json\/wp\/v2\/product_tag?post=1094"}],"curies":[{"name":"wp","href":"https:\/\/api.w.org\/{rel}","templated":true}]}}