{"id":1111,"date":"2024-02-04T19:47:53","date_gmt":"2024-02-04T16:47:53","guid":{"rendered":"https:\/\/www.semiplas.com\/?post_type=product&#038;p=1111"},"modified":"2024-03-19T11:19:05","modified_gmt":"2024-03-19T08:19:05","slug":"poly-security-seal","status":"publish","type":"product","link":"https:\/\/semiplas.com\/tr\/urun\/poly-security-seal\/","title":{"rendered":"POLY"},"content":{"rendered":"<p>\u2022 Fermuarl\u0131, \u00f6zel kilit mekanizmal\u0131 gu\u0308venlik \u00e7antalar\u0131nda kullan\u0131lmak u\u0308zere tasarlanm\u0131\u015f mu\u0308hu\u0308r.<br \/>\n\u2022 Mu\u0308hu\u0308ru\u0308 uygulamak i\u00e7in mekanizman\u0131n i\u00e7ine do\u011fru hafif\u00e7e itiniz. Mu\u0308hu\u0308ru\u0308n d\u0131\u015far\u0131da kalan k\u0131sm\u0131n\u0131 yukar\u0131 hareket ettirerek, kolayca k\u0131r\u0131p, mekanizmay\u0131 a\u00e7\u0131k hale getirebilirsiniz.<br \/>\n\u2022 Polistiren malzemeden u\u0308retilmi\u015ftir.<br \/>\n\u2022 Seri numara ve logo yaz\u0131labilmektedir. \u0130stendi\u011finde barkod uygulamas\u0131 i\u00e7in de yeterli alan bulunmaktad\u0131r.<br \/>\n\u2022 Termal transfer ve lazer markalama se\u00e7enekleri mevcuttur.<br \/>\n\u2022 \u00dcru\u0308nler kendi ambalajlar\u0131nda, oda s\u0131cakl\u0131\u011f\u0131nda ve gu\u0308ne\u015f \u0131\u015f\u0131\u011f\u0131ndan uzakta saklanmal\u0131d\u0131r.<br \/>\n\u2022 ROHS direktifine uygun hammadde ile u\u0308retim yap\u0131lmaktad\u0131r.<\/p>\n<h2>POLY Paketleme Detaylar\u0131<\/h2>\n<table style=\"width: 500px;\">\n<tbody>\n<tr>\n<td style=\"width: 150px;\"><b>\u00dcr\u00fcn A\u011f\u0131rl\u0131\u011f\u0131<br \/>\n<\/b><\/td>\n<td>: &#8211;<\/td>\n<\/tr>\n<tr>\n<td><b>Koli \u00d6l\u00e7\u00fcs\u00fc<\/b><\/td>\n<td>: 12 X 25 X 12 cm.<\/td>\n<\/tr>\n<tr>\n<td><b>Koli Adeti<\/b><\/td>\n<td>: 3000 adet<\/td>\n<\/tr>\n<tr>\n<td><b>Koli A\u011f\u0131rl\u0131\u011f\u0131<\/b><\/td>\n<td>: &#8211;<\/td>\n<\/tr>\n<tr>\n<td><b>Palet \u00d6l\u00e7\u00fcs\u00fc<\/b><\/td>\n<td>: T\u0131r-100x120x235 cm. \/ Kamyon-100x120x195 cm<\/td>\n<\/tr>\n<tr>\n<td><b>Palet Adeti<\/b><\/td>\n<td>: T\u0131r-2.160.000 adet\/ Kamyon-1.800.000 adet<\/td>\n<\/tr>\n<\/tbody>\n<\/table>\n<p>&nbsp;<\/p>\n","protected":false},"excerpt":{"rendered":"<p>D\u00fc\u015f\u00fck maliyetli, tek kullan\u0131ml\u0131k plastik g\u00f6sterge contalar\u0131<\/p>\n<p><i class=\"fa-solid fa-download\"><\/i>\u00a0<a href=\"https:\/\/www.semiplas.com\/tr\/wp-content\/uploads\/semiplas\/datasheets\/poly-seal.pdf\" target=\"_blank\" rel=\"noopener\">DATASHEET \u0130ND\u0130R<\/a><\/p>\n","protected":false},"featured_media":1110,"comment_status":"open","ping_status":"closed","template":"","meta":{"content-type":""},"product_cat":[26],"product_tag":[],"class_list":{"0":"post-1111","1":"product","2":"type-product","3":"status-publish","4":"has-post-thumbnail","6":"product_cat-plastik-guvenlik-muhurleri","8":"first","9":"instock","10":"shipping-taxable","11":"product-type-simple"},"_links":{"self":[{"href":"https:\/\/semiplas.com\/tr\/wp-json\/wp\/v2\/product\/1111","targetHints":{"allow":["GET"]}}],"collection":[{"href":"https:\/\/semiplas.com\/tr\/wp-json\/wp\/v2\/product"}],"about":[{"href":"https:\/\/semiplas.com\/tr\/wp-json\/wp\/v2\/types\/product"}],"replies":[{"embeddable":true,"href":"https:\/\/semiplas.com\/tr\/wp-json\/wp\/v2\/comments?post=1111"}],"wp:featuredmedia":[{"embeddable":true,"href":"https:\/\/semiplas.com\/tr\/wp-json\/wp\/v2\/media\/1110"}],"wp:attachment":[{"href":"https:\/\/semiplas.com\/tr\/wp-json\/wp\/v2\/media?parent=1111"}],"wp:term":[{"taxonomy":"product_cat","embeddable":true,"href":"https:\/\/semiplas.com\/tr\/wp-json\/wp\/v2\/product_cat?post=1111"},{"taxonomy":"product_tag","embeddable":true,"href":"https:\/\/semiplas.com\/tr\/wp-json\/wp\/v2\/product_tag?post=1111"}],"curies":[{"name":"wp","href":"https:\/\/api.w.org\/{rel}","templated":true}]}}