{"id":1112,"date":"2024-02-04T19:48:47","date_gmt":"2024-02-04T16:48:47","guid":{"rendered":"https:\/\/www.semiplas.com\/?post_type=product&#038;p=1112"},"modified":"2024-03-19T11:19:31","modified_gmt":"2024-03-19T08:19:31","slug":"box-security-seal-01","status":"publish","type":"product","link":"https:\/\/semiplas.com\/tr\/urun\/box-security-seal-01\/","title":{"rendered":"BOX 01"},"content":{"rendered":"<p>\u2022 Plastik ta\u015f\u0131ma kasalar\u0131 i\u00e7in \u00f6zel tasarlanm\u0131\u015f mu\u0308hu\u0308r.<br \/>\n\u2022 Uygulamas\u0131 ve s\u00f6ku\u0308lmesi kolay.<br \/>\n\u2022 D\u00f6rt kilitleme noktas\u0131 ile gu\u0308\u00e7lendirilmi\u015f gu\u0308venlik.<br \/>\n\u2022 \u015eirket ismi, seri numaras\u0131 ve\/veya barkod lazer ile yaz\u0131lmaktad\u0131r.<br \/>\n\u2022 Posta ve kargo sekt\u00f6ru\u0308nde oldu\u011fu kadar her tu\u0308rlu\u0308 u\u0308ru\u0308nu\u0308n kontrollu depolama ve sevkiyat uygulamalar\u0131ndaki plastik kasalarda \u00e7ok ekonomik, izlenebilirlik ve gu\u0308venlik sa\u011flamaktad\u0131r.<br \/>\n\u2022 \u00dcru\u0308nler kendi ambalajlar\u0131nda, oda s\u0131cakl\u0131\u011f\u0131nda ve gu\u0308ne\u015f \u0131\u015f\u0131\u011f\u0131ndan uzakta saklanmal\u0131d\u0131r.<br \/>\n\u2022 ROHS direktifine uygun hammadde ile u\u0308retim yap\u0131lmaktad\u0131r.<\/p>\n<h2>BOX 01 Paketleme Detaylar\u0131<\/h2>\n<table style=\"width: 500px;\">\n<tbody>\n<tr>\n<td style=\"width: 150px;\"><b>\u00dcr\u00fcn A\u011f\u0131rl\u0131\u011f\u0131<\/b><\/td>\n<td>: 1,05 gr<\/td>\n<\/tr>\n<tr>\n<td><b>Koli \u00d6l\u00e7\u00fcs\u00fc<\/b><\/td>\n<td>: 25 X 34 X 44 cm.<\/td>\n<\/tr>\n<tr>\n<td><b>Koli Adeti<\/b><\/td>\n<td>: 5000 adet<\/td>\n<\/tr>\n<tr>\n<td><b>Koli A\u011f\u0131rl\u0131\u011f\u0131<\/b><\/td>\n<td>: 5,7 kg.<\/td>\n<\/tr>\n<tr>\n<td><b>Palet \u00d6l\u00e7\u00fcs\u00fc<\/b><\/td>\n<td>: T\u0131r-110x130x235 cm. \/ Lorry-110x130x190 cm<\/td>\n<\/tr>\n<tr>\n<td><b>Palet Adeti<\/b><\/td>\n<td>: T\u0131r-400.000 adet\/ Lorry-320.000 adet<\/td>\n<\/tr>\n<\/tbody>\n<\/table>\n<p>&nbsp;<\/p>\n","protected":false},"excerpt":{"rendered":"<p>D\u00fc\u015f\u00fck maliyetli, tek kullan\u0131ml\u0131k plastik g\u00f6sterge contalar\u0131<\/p>\n<p><i class=\"fa-solid fa-download\"><\/i>\u00a0<a href=\"https:\/\/www.semiplas.com\/tr\/wp-content\/uploads\/semiplas\/datasheets\/box-seal-01.pdf\" target=\"_blank\" rel=\"noopener\">DATASHEET \u0130ND\u0130R<\/a><\/p>\n","protected":false},"featured_media":1113,"comment_status":"open","ping_status":"closed","template":"","meta":{"content-type":""},"product_cat":[26],"product_tag":[],"class_list":{"0":"post-1112","1":"product","2":"type-product","3":"status-publish","4":"has-post-thumbnail","6":"product_cat-plastik-guvenlik-muhurleri","8":"first","9":"instock","10":"shipping-taxable","11":"product-type-simple"},"_links":{"self":[{"href":"https:\/\/semiplas.com\/tr\/wp-json\/wp\/v2\/product\/1112","targetHints":{"allow":["GET"]}}],"collection":[{"href":"https:\/\/semiplas.com\/tr\/wp-json\/wp\/v2\/product"}],"about":[{"href":"https:\/\/semiplas.com\/tr\/wp-json\/wp\/v2\/types\/product"}],"replies":[{"embeddable":true,"href":"https:\/\/semiplas.com\/tr\/wp-json\/wp\/v2\/comments?post=1112"}],"wp:featuredmedia":[{"embeddable":true,"href":"https:\/\/semiplas.com\/tr\/wp-json\/wp\/v2\/media\/1113"}],"wp:attachment":[{"href":"https:\/\/semiplas.com\/tr\/wp-json\/wp\/v2\/media?parent=1112"}],"wp:term":[{"taxonomy":"product_cat","embeddable":true,"href":"https:\/\/semiplas.com\/tr\/wp-json\/wp\/v2\/product_cat?post=1112"},{"taxonomy":"product_tag","embeddable":true,"href":"https:\/\/semiplas.com\/tr\/wp-json\/wp\/v2\/product_tag?post=1112"}],"curies":[{"name":"wp","href":"https:\/\/api.w.org\/{rel}","templated":true}]}}