{"id":1178,"date":"2024-02-04T20:58:56","date_gmt":"2024-02-04T17:58:56","guid":{"rendered":"https:\/\/www.semiplas.com\/?post_type=product&#038;p=1178"},"modified":"2024-03-19T11:26:57","modified_gmt":"2024-03-19T08:26:57","slug":"sp-security-seal-23-01","status":"publish","type":"product","link":"https:\/\/semiplas.com\/tr\/urun\/sp-security-seal-23-01\/","title":{"rendered":"SP 23.01"},"content":{"rendered":"<p>\u2022 Metal klips ile gu\u0308venli\u011fi artt\u0131r\u0131lm\u0131\u015f plastik mu\u0308hu\u0308r.<br \/>\n\u2022 Polipropilen kopolimer malzemeden u\u0308retilmi\u015ftir.<br \/>\n\u2022 Kafes kasalarda, ju\u0308t \u00e7uvallarda, kimyasal konteynerlerde, silolarda, taker vanalar\u0131nda kullan\u0131labilir.<br \/>\n\u2022 K\u0131ymetli u\u0308ru\u0308nlerin ta\u015f\u0131nmas\u0131nda maksimum gu\u0308venlik sa\u011flar.<br \/>\n\u2022 G\u0131da, kimyasal ve kara ta\u015f\u0131mac\u0131l\u0131\u011f\u0131nda tercih edilen bir\u00a0mu\u0308hu\u0308rdu\u0308r.<br \/>\n\u2022 Termal transfer ve lazer markalama se\u00e7enekleri mevcuttur.<br \/>\n\u2022 \u00dcru\u0308nler kendi ambalajlar\u0131nda, oda s\u0131cakl\u0131\u011f\u0131nda ve gu\u0308ne\u015f \u0131\u015f\u0131\u011f\u0131ndan uzakta saklanmal\u0131d\u0131r.<br \/>\n\u2022 ROHS direktifine uygun hammadde ile u\u0308retim yap\u0131lmaktad\u0131r.<\/p>\n<h2>SP 23.01 Paketleme Detaylar\u0131<\/h2>\n<table style=\"width: 500px;\">\n<tbody>\n<tr>\n<td style=\"width: 150px;\"><b>\u00dcr\u00fcn A\u011f\u0131rl\u0131\u011f\u0131<\/b><\/td>\n<td>: 3,6 gr<\/td>\n<\/tr>\n<tr>\n<td><b>Koli \u00d6l\u00e7\u00fcs\u00fc<\/b><\/td>\n<td>: 24 X 41 X 44 cm<\/td>\n<\/tr>\n<tr>\n<td><b>Koli Adeti<\/b><\/td>\n<td>: 1000 adet<\/td>\n<\/tr>\n<tr>\n<td><b>Koli A\u011f\u0131rl\u0131\u011f\u0131<\/b><\/td>\n<td>: 4,1 kg<\/td>\n<\/tr>\n<tr>\n<td><b>Palet \u00d6l\u00e7\u00fcs\u00fc<\/b><\/td>\n<td>: T\u0131r-110x130x235 cm. \/ Kamyon-110x130x190 cm<\/td>\n<\/tr>\n<tr>\n<td><b>Palet Adeti<\/b><\/td>\n<td>: T\u0131r-65.000 adet\/ Kamyon-52.000 adet<\/td>\n<\/tr>\n<\/tbody>\n<\/table>\n<p>&nbsp;<\/p>\n","protected":false},"excerpt":{"rendered":"<p>Kilitleme odalar\u0131ndaki metalik par\u00e7alarla art\u0131r\u0131lm\u0131\u015f g\u00fcvenlik<\/p>\n<p><i class=\"fa-solid fa-download\"><\/i>\u00a0<a href=\"https:\/\/www.semiplas.com\/tr\/wp-content\/uploads\/semiplas\/mkmdata\/sp-seal-23-01.pdf\" target=\"_blank\" rel=\"noopener\">DATASHEET \u0130ND\u0130R<\/a><\/p>\n","protected":false},"featured_media":1150,"comment_status":"open","ping_status":"closed","template":"","meta":{"content-type":""},"product_cat":[28],"product_tag":[],"class_list":{"0":"post-1178","1":"product","2":"type-product","3":"status-publish","4":"has-post-thumbnail","6":"product_cat-metal-klipsli-guvenlik-muhurleri","8":"first","9":"instock","10":"shipping-taxable","11":"product-type-simple"},"_links":{"self":[{"href":"https:\/\/semiplas.com\/tr\/wp-json\/wp\/v2\/product\/1178","targetHints":{"allow":["GET"]}}],"collection":[{"href":"https:\/\/semiplas.com\/tr\/wp-json\/wp\/v2\/product"}],"about":[{"href":"https:\/\/semiplas.com\/tr\/wp-json\/wp\/v2\/types\/product"}],"replies":[{"embeddable":true,"href":"https:\/\/semiplas.com\/tr\/wp-json\/wp\/v2\/comments?post=1178"}],"wp:featuredmedia":[{"embeddable":true,"href":"https:\/\/semiplas.com\/tr\/wp-json\/wp\/v2\/media\/1150"}],"wp:attachment":[{"href":"https:\/\/semiplas.com\/tr\/wp-json\/wp\/v2\/media?parent=1178"}],"wp:term":[{"taxonomy":"product_cat","embeddable":true,"href":"https:\/\/semiplas.com\/tr\/wp-json\/wp\/v2\/product_cat?post=1178"},{"taxonomy":"product_tag","embeddable":true,"href":"https:\/\/semiplas.com\/tr\/wp-json\/wp\/v2\/product_tag?post=1178"}],"curies":[{"name":"wp","href":"https:\/\/api.w.org\/{rel}","templated":true}]}}