{"id":1186,"date":"2024-02-04T21:10:31","date_gmt":"2024-02-04T18:10:31","guid":{"rendered":"https:\/\/www.semiplas.com\/?post_type=product&#038;p=1186"},"modified":"2024-03-19T11:30:38","modified_gmt":"2024-03-19T08:30:38","slug":"sp-security-seal-14","status":"publish","type":"product","link":"https:\/\/semiplas.com\/tr\/urun\/sp-security-seal-14\/","title":{"rendered":"SP 14"},"content":{"rendered":"<p>\u2022 Deniz konteynerleri i\u00e7in \u00f6zel olarak tasarlanm\u0131\u015f ancak t\u0131r kap\u0131lar\u0131na da s\u0131kl\u0131kla uygulanan bariyer tipi mu\u0308hu\u0308r.<br \/>\n\u2022 Darbe mukavemetli plastik ABS malzeme ile renklendirilerek, yaz\u0131 alan\u0131 olu\u015fturulmu\u015f \u00e7elikten mamul bir \u00e7ivi ve kilit mekanizmas\u0131ndan olu\u015fur.<br \/>\n\u2022 Uygulama i\u00e7in alet gerekmez. A\u00e7mak i\u00e7in pense gerektirir.<br \/>\n\u2022 ISO\/PAS 17712 standard\u0131na g\u00f6re onaylanm\u0131\u015ft\u0131r ve C-TPAT y\u00f6netmeliklerine uygundur.<br \/>\n\u2022 \u00c7ivi ve kilit mekanizmas\u0131 kolay saklama ve mu\u0308hu\u0308rleme i\u015flemi i\u00e7in birbirine ba\u011flanm\u0131\u015ft\u0131r.<br \/>\n\u2022 Kilitleme g\u00f6vdesi ve \u00e7ivi u\u0308zerine \u015firket ismi, seri numaras\u0131 ve\/veya barkod lazer ile yaz\u0131lmaktad\u0131r.<br \/>\n\u2022 \u00dcru\u0308nler kendi ambalajlar\u0131nda, oda s\u0131cakl\u0131\u011f\u0131nda ve gu\u0308ne\u015f \u0131\u015f\u0131\u011f\u0131ndan uzakta saklanmal\u0131d\u0131r.<br \/>\n\u2022 ROHS direktifine uygun hammadde ile u\u0308retim yap\u0131lmaktad\u0131r.<\/p>\n<h2>SP 14 Paketleme Detaylar\u0131<\/h2>\n<table style=\"width: 500px;\">\n<tbody>\n<tr>\n<td style=\"width: 150px;\"><b>\u00dcr\u00fcn A\u011f\u0131rl\u0131\u011f\u0131<\/b><\/td>\n<td>: 62 gr.<\/td>\n<\/tr>\n<tr>\n<td><b>Koli \u00d6l\u00e7\u00fcs\u00fc<\/b><\/td>\n<td>: 34 X 53 X 14 cm.<\/td>\n<\/tr>\n<tr>\n<td><b>Koli Adeti<\/b><\/td>\n<td>: 250 adet<\/td>\n<\/tr>\n<tr>\n<td><b>Koli A\u011f\u0131rl\u0131\u011f\u0131<\/b><\/td>\n<td>: 16,5 kg.<\/td>\n<\/tr>\n<tr>\n<td><b>Palet \u00d6l\u00e7\u00fcs\u00fc<\/b><\/td>\n<td>: T\u0131r-80x120x130 cm. \/ Kamyon-80x120x130 cm<\/td>\n<\/tr>\n<tr>\n<td><b>Palet Adeti<\/b><\/td>\n<td>: T\u0131r-10.000 adet\/ Kamyon-10.000 adet<\/td>\n<\/tr>\n<\/tbody>\n<\/table>\n<p>&nbsp;<\/p>\n","protected":false},"excerpt":{"rendered":"<p>Metalik g\u00f6vdeli ve kablolu a\u011f\u0131r hizmet g\u00fcvenlik contalar\u0131<\/p>\n<p><i class=\"fa-solid fa-download\"><\/i>\u00a0<a href=\"https:\/\/www.semiplas.com\/tr\/wp-content\/uploads\/semiplas\/mkmdata\/sp-seal-14.pdf\" target=\"_blank\" rel=\"noopener\">DATASHEET \u0130ND\u0130R<\/a><\/p>\n","protected":false},"featured_media":1158,"comment_status":"open","ping_status":"closed","template":"","meta":{"content-type":""},"product_cat":[33],"product_tag":[],"class_list":{"0":"post-1186","1":"product","2":"type-product","3":"status-publish","4":"has-post-thumbnail","6":"product_cat-bariyer-guvenlik-muhurleri","8":"first","9":"instock","10":"shipping-taxable","11":"product-type-simple"},"_links":{"self":[{"href":"https:\/\/semiplas.com\/tr\/wp-json\/wp\/v2\/product\/1186","targetHints":{"allow":["GET"]}}],"collection":[{"href":"https:\/\/semiplas.com\/tr\/wp-json\/wp\/v2\/product"}],"about":[{"href":"https:\/\/semiplas.com\/tr\/wp-json\/wp\/v2\/types\/product"}],"replies":[{"embeddable":true,"href":"https:\/\/semiplas.com\/tr\/wp-json\/wp\/v2\/comments?post=1186"}],"wp:featuredmedia":[{"embeddable":true,"href":"https:\/\/semiplas.com\/tr\/wp-json\/wp\/v2\/media\/1158"}],"wp:attachment":[{"href":"https:\/\/semiplas.com\/tr\/wp-json\/wp\/v2\/media?parent=1186"}],"wp:term":[{"taxonomy":"product_cat","embeddable":true,"href":"https:\/\/semiplas.com\/tr\/wp-json\/wp\/v2\/product_cat?post=1186"},{"taxonomy":"product_tag","embeddable":true,"href":"https:\/\/semiplas.com\/tr\/wp-json\/wp\/v2\/product_tag?post=1186"}],"curies":[{"name":"wp","href":"https:\/\/api.w.org\/{rel}","templated":true}]}}