{"id":1187,"date":"2024-02-04T21:11:08","date_gmt":"2024-02-04T18:11:08","guid":{"rendered":"https:\/\/www.semiplas.com\/?post_type=product&#038;p=1187"},"modified":"2024-03-19T11:31:42","modified_gmt":"2024-03-19T08:31:42","slug":"sp-security-seal-04m","status":"publish","type":"product","link":"https:\/\/semiplas.com\/tr\/urun\/sp-security-seal-04m\/","title":{"rendered":"SP 04M"},"content":{"rendered":"<p>\u2022 Tel boyu ayarlanabilir \u00e7elik halatl\u0131 mu\u0308hu\u0308r.<br \/>\n\u2022 Kara, hava ve deniz ta\u015f\u0131mac\u0131l\u0131\u011f\u0131nda her tu\u0308rlu\u0308 depo, konteyner kapaklar\u0131nda kullan\u0131lmas\u0131 ideal bir mu\u0308hu\u0308rdu\u0308r.<br \/>\n\u2022 Yu\u0308ksek mukavemetli aluminyum g\u00f6vdeden ve galvanizli \u00e7elik\u00a0halattan u\u0308retilmi\u015f kolay kullan\u0131ml\u0131d\u0131r.<br \/>\n\u2022 Stok renklerimiz: K\u0131rm\u0131z\u0131 ve lacivert<br \/>\n\u2022 Mu\u0308hu\u0308ru\u0308n a\u00e7\u0131lmas\u0131 i\u00e7in \u00e7elik halat\u0131n bir kesici aletle kesilmesi gerekmektedir.<br \/>\n\u2022 Aluminyum g\u00f6vde u\u0308zerine \u015firket ismi, seri numaras\u0131 ve\/veya barkod lazer ile yaz\u0131lmaktad\u0131r.<br \/>\n\u2022 \u00dcru\u0308nler kendi ambalajlar\u0131nda, oda s\u0131cakl\u0131\u011f\u0131nda ve gu\u0308ne\u015f \u0131\u015f\u0131\u011f\u0131ndan uzakta saklanmal\u0131d\u0131r.<br \/>\n\u2022 ROHS direktifine uygun hammadde ile u\u0308retim yap\u0131lmaktad\u0131r.<\/p>\n<h2>SP 04M Paketleme Detaylar\u0131<\/h2>\n<table style=\"width: 500px;\">\n<tbody>\n<tr>\n<td style=\"width: 150px;\"><b>\u00dcr\u00fcn A\u011f\u0131rl\u0131\u011f\u0131<\/b><\/td>\n<td>: 15 gr.<\/td>\n<\/tr>\n<tr>\n<td><b>Koli \u00d6l\u00e7\u00fcs\u00fc<\/b><\/td>\n<td>: 26 X 53 X 14 cm.<\/td>\n<\/tr>\n<tr>\n<td><b>Koli Adeti<\/b><\/td>\n<td>: 1000 adet<\/td>\n<\/tr>\n<tr>\n<td><b>Koli A\u011f\u0131rl\u0131\u011f\u0131<\/b><\/td>\n<td>: 15,5 kg.<\/td>\n<\/tr>\n<tr>\n<td><b>Palet \u00d6l\u00e7\u00fcs\u00fc<\/b><\/td>\n<td>: T\u0131r-80x120x85 cm. \/ Kamyon-80x120x85 cm<\/td>\n<\/tr>\n<tr>\n<td><b>Palet Adeti<\/b><\/td>\n<td>: T\u0131r-30.000 adet\/ Kamyon-30.000 adet<\/td>\n<\/tr>\n<\/tbody>\n<\/table>\n<p>&nbsp;<\/p>\n","protected":false},"excerpt":{"rendered":"<p>Metalik g\u00f6vdeli ve kablolu a\u011f\u0131r hizmet g\u00fcvenlik contalar\u0131<\/p>\n<p><i class=\"fa-solid fa-download\"><\/i>\u00a0<a href=\"https:\/\/www.semiplas.com\/tr\/wp-content\/uploads\/semiplas\/mkmdata\/sp-seal-04m.pdf\" target=\"_blank\" rel=\"noopener\">DATASHEET \u0130ND\u0130R<\/a><\/p>\n","protected":false},"featured_media":2479,"comment_status":"open","ping_status":"closed","template":"","meta":{"content-type":""},"product_cat":[33],"product_tag":[],"class_list":{"0":"post-1187","1":"product","2":"type-product","3":"status-publish","4":"has-post-thumbnail","6":"product_cat-bariyer-guvenlik-muhurleri","8":"first","9":"instock","10":"shipping-taxable","11":"product-type-simple"},"_links":{"self":[{"href":"https:\/\/semiplas.com\/tr\/wp-json\/wp\/v2\/product\/1187","targetHints":{"allow":["GET"]}}],"collection":[{"href":"https:\/\/semiplas.com\/tr\/wp-json\/wp\/v2\/product"}],"about":[{"href":"https:\/\/semiplas.com\/tr\/wp-json\/wp\/v2\/types\/product"}],"replies":[{"embeddable":true,"href":"https:\/\/semiplas.com\/tr\/wp-json\/wp\/v2\/comments?post=1187"}],"wp:featuredmedia":[{"embeddable":true,"href":"https:\/\/semiplas.com\/tr\/wp-json\/wp\/v2\/media\/2479"}],"wp:attachment":[{"href":"https:\/\/semiplas.com\/tr\/wp-json\/wp\/v2\/media?parent=1187"}],"wp:term":[{"taxonomy":"product_cat","embeddable":true,"href":"https:\/\/semiplas.com\/tr\/wp-json\/wp\/v2\/product_cat?post=1187"},{"taxonomy":"product_tag","embeddable":true,"href":"https:\/\/semiplas.com\/tr\/wp-json\/wp\/v2\/product_tag?post=1187"}],"curies":[{"name":"wp","href":"https:\/\/api.w.org\/{rel}","templated":true}]}}