{"id":1190,"date":"2024-02-04T21:13:19","date_gmt":"2024-02-04T18:13:19","guid":{"rendered":"https:\/\/www.semiplas.com\/?post_type=product&#038;p=1190"},"modified":"2024-03-19T11:05:36","modified_gmt":"2024-03-19T08:05:36","slug":"sp-security-seal-26-25-2","status":"publish","type":"product","link":"https:\/\/semiplas.com\/tr\/urun\/sp-security-seal-26-25-2\/","title":{"rendered":"SP 26\/25-2"},"content":{"rendered":"<p>\u2022 Rekor kelep\u00e7eleri su ve gaz saya\u00e7lar\u0131nda muhtemel ka\u00e7ak kullan\u0131m\u0131 engellemek u\u0308zere kullan\u0131l\u0131r.<br \/>\n\u2022 \u0130ste\u011fe g\u00f6re opak veya \u015feffaf polikarbon malzemeden u\u0308retilir.<br \/>\n\u2022 Uygulamas\u0131 kolay ve alet gerektirmez.<br \/>\n\u2022 Kendi kilitlemeli ve farkl\u0131 rakor \u00f6l\u00e7u\u0308lerine uygun alternatif modeller mevcuttur.<br \/>\n\u2022 Mu\u0308\u015fteri logosu ve seri numaras\u0131 markalama mu\u0308mku\u0308ndu\u0308r.<br \/>\n\u2022 \u00dcru\u0308nler kendi ambalajlar\u0131nda, oda s\u0131cakl\u0131\u011f\u0131nda ve gu\u0308ne\u015f \u0131\u015f\u0131\u011f\u0131ndan uzakta saklanmal\u0131d\u0131r.<br \/>\n\u2022 ROHS direktifine uygun hammadde ile u\u0308retim yap\u0131lmaktad\u0131r.<\/p>\n<h2>SP 26\/25-2 Paketleme Detaylar\u0131<\/h2>\n<table style=\"width: 500px;\">\n<tbody>\n<tr>\n<td style=\"width: 150px;\"><b>\u00dcr\u00fcn A\u011f\u0131rl\u0131\u011f\u0131<\/b><\/td>\n<td>: 20,8 gr.<\/td>\n<\/tr>\n<tr>\n<td><b>Koli \u00d6l\u00e7\u00fcs\u00fc<\/b><\/td>\n<td>: 25 X 34 X 44 cm.<\/td>\n<\/tr>\n<tr>\n<td><b>Koli Adeti<\/b><\/td>\n<td>: 500 adet<\/td>\n<\/tr>\n<tr>\n<td><b>Koli A\u011f\u0131rl\u0131\u011f\u0131<\/b><\/td>\n<td>: 11,2 kg.<\/td>\n<\/tr>\n<tr>\n<td><b>Palet \u00d6l\u00e7\u00fcs\u00fc<\/b><\/td>\n<td>: T\u0131r-110x130x235 cm. \/ Kamyon-110x130x190 cm<\/td>\n<\/tr>\n<tr>\n<td><b>Palet Adeti<\/b><\/td>\n<td>: T\u0131r-40.000 adet\/ Kamyon-32.000 adet<\/td>\n<\/tr>\n<\/tbody>\n<\/table>\n<p>&nbsp;<\/p>\n","protected":false},"excerpt":{"rendered":"<p>Su ve gaz saya\u00e7lar\u0131n\u0131n kurcalanmas\u0131n\u0131 \u00f6nlemek i\u00e7in \u00f6zel olarak tasarlanm\u0131\u015ft\u0131r<\/p>\n<p><i class=\"fa-solid fa-download\"><\/i>\u00a0<a href=\"https:\/\/www.semiplas.com\/tr\/wp-content\/uploads\/semiplas\/mkmdata\/sp-26-25-2.pdf\" target=\"_blank\" rel=\"noopener\">DATASHEET \u0130ND\u0130R<\/a><\/p>\n","protected":false},"featured_media":1163,"comment_status":"open","ping_status":"closed","template":"","meta":{"content-type":""},"product_cat":[34],"product_tag":[],"class_list":{"0":"post-1190","1":"product","2":"type-product","3":"status-publish","4":"has-post-thumbnail","6":"product_cat-rekor-guvenlik-kilitleri","8":"first","9":"instock","10":"shipping-taxable","11":"product-type-simple"},"_links":{"self":[{"href":"https:\/\/semiplas.com\/tr\/wp-json\/wp\/v2\/product\/1190","targetHints":{"allow":["GET"]}}],"collection":[{"href":"https:\/\/semiplas.com\/tr\/wp-json\/wp\/v2\/product"}],"about":[{"href":"https:\/\/semiplas.com\/tr\/wp-json\/wp\/v2\/types\/product"}],"replies":[{"embeddable":true,"href":"https:\/\/semiplas.com\/tr\/wp-json\/wp\/v2\/comments?post=1190"}],"wp:featuredmedia":[{"embeddable":true,"href":"https:\/\/semiplas.com\/tr\/wp-json\/wp\/v2\/media\/1163"}],"wp:attachment":[{"href":"https:\/\/semiplas.com\/tr\/wp-json\/wp\/v2\/media?parent=1190"}],"wp:term":[{"taxonomy":"product_cat","embeddable":true,"href":"https:\/\/semiplas.com\/tr\/wp-json\/wp\/v2\/product_cat?post=1190"},{"taxonomy":"product_tag","embeddable":true,"href":"https:\/\/semiplas.com\/tr\/wp-json\/wp\/v2\/product_tag?post=1190"}],"curies":[{"name":"wp","href":"https:\/\/api.w.org\/{rel}","templated":true}]}}