{"id":1310,"date":"2024-02-14T20:07:23","date_gmt":"2024-02-14T17:07:23","guid":{"rendered":"https:\/\/demo.semiplas.com\/?post_type=product&#038;p=1310"},"modified":"2024-03-21T16:02:04","modified_gmt":"2024-03-21T13:02:04","slug":"reseal","status":"publish","type":"product","link":"https:\/\/semiplas.com\/tr\/urun\/reseal\/","title":{"rendered":"Reseal"},"content":{"rendered":"<p>&nbsp;<\/p>\n<h2>Reseal G\u00f6vde Paketleme Detaylar\u0131<\/h2>\n<table style=\"width: 500px;\">\n<tbody>\n<tr>\n<td style=\"width: 150px;\"><b>\u00dcr\u00fcn A\u011f\u0131rl\u0131\u011f\u0131<\/b><\/td>\n<td>: 47 gr.<\/td>\n<\/tr>\n<tr>\n<td><b>Koli \u00d6l\u00e7\u00fcs\u00fc<\/b><\/td>\n<td>: 14,5 X 14 X 4 cm.<\/td>\n<\/tr>\n<tr>\n<td><b>Kutu \u0130\u00e7i Adeti<\/b><\/td>\n<td>: 2 Adet<\/td>\n<\/tr>\n<tr>\n<td><b>Kablo Uzunlu\u011fu<\/b><\/td>\n<td>: 30\/40cm<\/td>\n<\/tr>\n<tr>\n<td><b>Kutu A\u011f\u0131rl\u0131\u011f\u0131<\/b><\/td>\n<td>: 174 gr.<\/td>\n<\/tr>\n<tr>\n<td><\/td>\n<td><\/td>\n<\/tr>\n<\/tbody>\n<\/table>\n<h2>Reseal M\u00fch\u00fcr Paketleme Detaylar\u0131<\/h2>\n<table style=\"width: 500px;\">\n<tbody>\n<tr>\n<td style=\"width: 150px;\"><b>\u00dcr\u00fcn A\u011f\u0131rl\u0131\u011f\u0131<\/b><\/td>\n<td>: 5 gr. (5&#8217;li \u015feritler halinde)<\/td>\n<\/tr>\n<tr>\n<td><b>Kutu \u00d6l\u00e7\u00fcs\u00fc<\/b><\/td>\n<td>: 8,5 X 20X 4 cm.<\/td>\n<\/tr>\n<tr>\n<td><b>Kutu \u0130\u00e7i Adeti<\/b><\/td>\n<td>: 100 adet (5&#8217;li \u015feritler halinde 20 adet)<\/td>\n<\/tr>\n<tr>\n<td><b>Kutu A\u011f\u0131rl\u0131\u011f\u0131<\/b><\/td>\n<td>: 191 gr.<\/td>\n<\/tr>\n<\/tbody>\n<\/table>\n<p>&nbsp;<\/p>\n","protected":false},"excerpt":{"rendered":"<p>Standart tek kullan\u0131ml\u0131k plastik m\u00fch\u00fcrlerin yerini alacak \u00e7evre dostu bir \u00fcr\u00fcn<\/p>\n<p><i class=\"fa-solid fa-download\"><\/i>\u00a0<a href=\"https:\/\/www.semiplas.com\/tr\/wp-content\/uploads\/semiplas\/Reseal-TR.pdf\" target=\"_blank\" rel=\"noopener\">DATASHEET \u0130ND\u0130R<\/a><\/p>\n","protected":false},"featured_media":2497,"comment_status":"open","ping_status":"closed","template":"","meta":{"content-type":""},"product_cat":[35],"product_tag":[],"class_list":{"0":"post-1310","1":"product","2":"type-product","3":"status-publish","4":"has-post-thumbnail","6":"product_cat-cok-kullanimli-guvenlik-muhurleri","8":"first","9":"instock","10":"shipping-taxable","11":"product-type-simple"},"_links":{"self":[{"href":"https:\/\/semiplas.com\/tr\/wp-json\/wp\/v2\/product\/1310","targetHints":{"allow":["GET"]}}],"collection":[{"href":"https:\/\/semiplas.com\/tr\/wp-json\/wp\/v2\/product"}],"about":[{"href":"https:\/\/semiplas.com\/tr\/wp-json\/wp\/v2\/types\/product"}],"replies":[{"embeddable":true,"href":"https:\/\/semiplas.com\/tr\/wp-json\/wp\/v2\/comments?post=1310"}],"wp:featuredmedia":[{"embeddable":true,"href":"https:\/\/semiplas.com\/tr\/wp-json\/wp\/v2\/media\/2497"}],"wp:attachment":[{"href":"https:\/\/semiplas.com\/tr\/wp-json\/wp\/v2\/media?parent=1310"}],"wp:term":[{"taxonomy":"product_cat","embeddable":true,"href":"https:\/\/semiplas.com\/tr\/wp-json\/wp\/v2\/product_cat?post=1310"},{"taxonomy":"product_tag","embeddable":true,"href":"https:\/\/semiplas.com\/tr\/wp-json\/wp\/v2\/product_tag?post=1310"}],"curies":[{"name":"wp","href":"https:\/\/api.w.org\/{rel}","templated":true}]}}